{"id":5317,"date":"2019-09-12T14:17:44","date_gmt":"2019-09-12T14:17:44","guid":{"rendered":"https:\/\/hoquei.es\/politica-de-privadesa\/"},"modified":"2024-09-11T21:00:12","modified_gmt":"2024-09-11T21:00:12","slug":"politica-de-privadesa","status":"publish","type":"page","link":"https:\/\/hoquei.es\/ca\/politica-de-privadesa\/","title":{"rendered":"Pol\u00edtica de Privadesa"},"content":{"rendered":"\t\t<div data-elementor-type=\"wp-page\" data-elementor-id=\"5317\" class=\"elementor elementor-5317 elementor-91\">\n\t\t\t\t\t\t<section class=\"elementor-section elementor-top-section elementor-element elementor-element-30dd57f elementor-section-boxed elementor-section-height-default elementor-section-height-default sc_fly_static\" data-id=\"30dd57f\" data-element_type=\"section\">\n\t\t\t\t\t\t<div class=\"elementor-container elementor-column-gap-extended\">\n\t\t\t\t\t<div class=\"elementor-column elementor-col-100 elementor-top-column elementor-element elementor-element-60bd21b3 sc_content_align_inherit sc_layouts_column_icons_position_left sc_fly_static\" data-id=\"60bd21b3\" data-element_type=\"column\">\n\t\t\t<div class=\"elementor-widget-wrap elementor-element-populated\">\n\t\t\t\t\t\t<div class=\"elementor-element elementor-element-69f9b0c7 sc_fly_static elementor-widget elementor-widget-spacer\" data-id=\"69f9b0c7\" data-element_type=\"widget\" data-widget_type=\"spacer.default\">\n\t\t\t\t<div class=\"elementor-widget-container\">\n\t\t\t\t\t\t\t<div class=\"elementor-spacer\">\n\t\t\t<div class=\"elementor-spacer-inner\"><\/div>\n\t\t<\/div>\n\t\t\t\t\t\t<\/div>\n\t\t\t\t<\/div>\n\t\t\t\t\t<\/div>\n\t\t<\/div>\n\t\t\t\t\t<\/div>\n\t\t<\/section>\n\t\t\t\t<section class=\"elementor-section elementor-top-section elementor-element elementor-element-356fa979 elementor-section-boxed elementor-section-height-default elementor-section-height-default sc_fly_static\" data-id=\"356fa979\" data-element_type=\"section\" data-settings=\"{&quot;background_background&quot;:&quot;classic&quot;}\">\n\t\t\t\t\t\t<div class=\"elementor-container elementor-column-gap-extended\">\n\t\t\t\t\t<div class=\"elementor-column elementor-col-100 elementor-top-column elementor-element elementor-element-5879a47 sc_content_align_inherit sc_layouts_column_icons_position_left sc_fly_static\" data-id=\"5879a47\" data-element_type=\"column\">\n\t\t\t<div class=\"elementor-widget-wrap elementor-element-populated\">\n\t\t\t\t\t\t<div class=\"elementor-element elementor-element-8182d4a sc_fly_static elementor-widget elementor-widget-heading\" data-id=\"8182d4a\" data-element_type=\"widget\" data-widget_type=\"heading.default\">\n\t\t\t\t<div class=\"elementor-widget-container\">\n\t\t\t\t\t<h1 class=\"elementor-heading-title elementor-size-default\">Pol\u00edtica de Privadesa<\/h1>\t\t\t\t<\/div>\n\t\t\t\t<\/div>\n\t\t\t\t\t<\/div>\n\t\t<\/div>\n\t\t\t\t\t<\/div>\n\t\t<\/section>\n\t\t\t\t<section class=\"elementor-section elementor-top-section elementor-element elementor-element-723f6d52 elementor-section-boxed elementor-section-height-default elementor-section-height-default sc_fly_static\" data-id=\"723f6d52\" data-element_type=\"section\" data-settings=\"{&quot;background_background&quot;:&quot;classic&quot;}\">\n\t\t\t\t\t\t<div class=\"elementor-container elementor-column-gap-extended\">\n\t\t\t\t\t<div class=\"elementor-column elementor-col-100 elementor-top-column elementor-element elementor-element-523c1623 sc_content_align_inherit sc_layouts_column_icons_position_left sc_fly_static\" data-id=\"523c1623\" data-element_type=\"column\">\n\t\t\t<div class=\"elementor-widget-wrap elementor-element-populated\">\n\t\t\t\t\t\t<div class=\"elementor-element elementor-element-18dfb9b0 sc_fly_static elementor-widget elementor-widget-text-editor\" data-id=\"18dfb9b0\" data-element_type=\"widget\" data-widget_type=\"text-editor.default\">\n\t\t\t\t<div class=\"elementor-widget-container\">\n\t\t\t\t\t\t\t\t\t<div id=\"slider_carnets\" class=\"row row-carnet slider\">\n<div class=\"col-carnet col-lg-12 col-md-12 col-carnet-coche\">\n<h3>Denominaci\u00f3 social<\/h3>\n<p><strong>Identitat:<\/strong> Autoescola Hoquei &#8211; Juan Manuel S\u00e1nchez Silgado<br \/><strong>NIF:<\/strong> 35103285H<br \/><strong>Adre\u00e7a:<\/strong> Rambla Pompeu Fabra, 10<br \/><strong>CP:<\/strong> 08100, Mollet del Vall\u00e8s  <br \/><strong>Tel\u00e8fon:<\/strong> 935938646<br \/><strong>E-mail:<\/strong> <a class=\"classLinkMail\" href=\"mailto:autoescuelahoquei@gmail.com\">autoescolahoquei@gmail.com<\/a><\/p>\n<h3>Finalitat<\/h3>\n<h4>Per qu\u00e8 utilitzem les teves dades?<\/h4>\n<p>La seg\u00fcent Pol\u00edtica de privadesa estableix els termes en qu\u00e8 tractarem les teves dades personals a Autoescola Hoquei; aix\u00f2 inclou qualsevol dada personal recollida a la nostra p\u00e0gina web www.hoquei.es, aix\u00ed com qualsevol altra dada que tractem en exercici de les nostres activitats empresarials.<\/p>\n<p>Autoescola Hoquei recull les dades personals seg\u00fcents amb les finalitats indicades a continuaci\u00f3:<\/p>\n<p>a) <u>Formulari de contacte de la web:<\/u> les dades personals recollides a trav\u00e9s d&#8217;aquest formulari seran exclusivament utilitzades per informar-te sobre els serveis que ens hagin sol\u00b7licitat. Tamb\u00e9 podrem fer-los servir per fer un seguiment de la teva petici\u00f3 d&#8217;informaci\u00f3 en cas que no arrib\u00e9s a concretar-se en la contractaci\u00f3 d&#8217;un servei, tot aix\u00f2 fins que aquest es contracti o es rebutgi de manera expressa. La comunicaci\u00f3 es realitzar\u00e0 per diferents canals: email, whatsapp, i tel\u00e8fon<\/p>\n<p>b) <u>Dades dalumnes:<\/u>  en el cas que et converteixis en alumne d&#8217;Autoescola Hoquei les teves dades personals seran exclusivament realitzades per a la prestaci\u00f3 del servei, aix\u00f2 \u00e9s la realitzaci\u00f3 de les classes te\u00f2riques i pr\u00e0ctiques, el seguiment, qualificacions i si escau perqu\u00e8 puguis realitzar els ex\u00e0mens de la Direcci\u00f3 General de Tr\u00e0nsit. A m\u00e9s, utilitzarem les teves dades per realitzar enquestes o estudis interns per con\u00e8ixer el nivell de satisfacci\u00f3 sobre els nostres serveis.<\/p>\n<p>Qualsevol de les dades personals que ens lliuris com a alumne o possible alumne poden utilitzar-se per fer accions comercials i promocionals sobre productes o serveis propis o de tercers.<\/p>\n<h4>Quant de temps custodiem les teves dades?<\/h4>\n<p>Encara que deixis de ser alumne d&#8217;Autoescola Hoquei, has de saber que tenim unes obligacions legals de conservaci\u00f3 de les teves dades. A continuaci\u00f3 t&#8217;informem del termini de conservaci\u00f3 de la teva informaci\u00f3 des que has deixat Autoescola Hoquei:<\/p>\n<p>&#8211; Per atendre possibles responsabilitats civils derivades dels nostres serveis: 3 anys.<br \/>&#8211; Per atendre possibles responsabilitats fiscals derivades dels nostres serveis: 5 anys.<br \/>&#8211; Per atendre possibles responsabilitats relacionades amb la normativa de defensa de consumidors i usuaris: 15 anys.<\/p>\n<p>A m\u00e9s, hem de desar durant 4 anys el llibre de registre i 2 anys la teva fitxa des que deixes de ser alumne d&#8217;Autoescola Hoquei.<\/p>\n<p>En cas que ens donis el teu consentiment per informar-te dels nostres productes o serveis o de tercers, mantindrem les teves dades fins que ens manifestis la teva voluntat de no rebre m\u00e9s comunicacions nostres. En qualsevol cas, pots exercir el dret d&#8217;oposici\u00f3 a trav\u00e9s dels canals anunciats en aquesta Pol\u00edtica de Privadesa.<\/p>\n<h4>Legitimitzaci\u00f3<\/h4>\n<p>Pel que fa al tractament de dades associat a l&#8217;obtenci\u00f3 del perm\u00eds i llic\u00e8ncia de conducci\u00f3, Autoescola Hoquei est\u00e0 facultada a aquest tractament en virtut de la normativa vigent (Llei de Tr\u00e0nsit i Reglament General de Conductors).<\/p>\n<p>\u00danicament tractarem les teves dades amb fins promocionals si ens has donat el teu consentiment espec\u00edfic per fer-ho.<\/p>\n<p>La legitimaci\u00f3 per al tractament de les teves dades laborals en els processos de selecci\u00f3 ser\u00e0 el compliment d&#8217;una obligaci\u00f3 precontractual entre el titular de les dades i Autoescola Hoquei.<\/p>\n<h3>Destinataris<\/h3>\n<h4>Cessi\u00f3 de dades a tercers<\/h4>\n<p>Les teves dades personals es poden cedir en els sup\u00f2sits seg\u00fcents:<br \/>&#8211; A la nostra Central per dur a terme accions relacionades amb el control de qualitat dels serveis.<br \/>&#8211; A les administracions p\u00fabliques competents en mat\u00e8ria de permisos i llic\u00e8ncies de conducci\u00f3 (DGT).<\/p>\n<h4>Tipus de dades tractades<\/h4>\n<p><strong>Podrem mostrar la seg\u00fcent tipologia de dades personals sobre tu:<\/strong><\/p>\n<p><strong><u>Dades dels alumnes:<\/u><\/strong><br \/>&#8211; Dades identificatives: nom, cognom, foto&#8230;<br \/>&#8211; Dades de contacte: tel\u00e8fon, e-mail, adre\u00e7a postal.<br \/>&#8211; Dades banc\u00e0ries.<br \/>&#8211; Dades de salut (per exemple, si portes ulleres) en cas que sigui necessari per obtenir el perm\u00eds o llic\u00e8ncia de conducci\u00f3.<\/p>\n<p><strong><u>Dades de possibles alumnes ( leads ):<\/u><\/strong><br \/>&#8211; Dades identificatives: nom, cognom, foto&#8230;<br \/>&#8211; Dades de contacte: tel\u00e8fon, e-mail, adre\u00e7a postal.<\/p>\n<p><strong><u>Dades de candidats:<\/u><\/strong><br \/>&#8211; Dades identificatives: nom, cognom, foto&#8230;<br \/>&#8211; Dades de contacte: tel\u00e8fon, e-mail, adre\u00e7a postal.<br \/>&#8211; Dades dexperi\u00e8ncia laboral.<br \/>\u2013 Dades de formaci\u00f3 acad\u00e8mica.<\/p>\n<h4>Drets<\/h4>\n<p><strong>Tens dret a:<\/strong><br \/>&#8211; Accedir a les dades personals<br \/>&#8211; Rectificar les dades personals.<br \/>&#8211; Suprimir les dades personals.<br \/>&#8211; Limitar el tractament de les dades.<br \/>&#8211; Portabilitat de les dades.<br \/>&#8211; Retirar el teu consentiment en cas que ho hagis donat<br \/>&#8211; Presentar una den\u00fancia o un escrit per a la tutela dels drets davant de l&#8217;Ag\u00e8ncia Espanyola de Protecci\u00f3 de Dades o davant de l&#8217;ag\u00e8ncia auton\u00f2mica de protecci\u00f3 de dades en cas que n&#8217;hi hagi.<br \/>&#8211; Ser informat de qualsevol incid\u00e8ncia de seguretat que pugui afectar els teus drets.  <\/p>\n<\/div>\n<\/div>\n\t\t\t\t\t\t\t\t<\/div>\n\t\t\t\t<\/div>\n\t\t\t\t\t<\/div>\n\t\t<\/div>\n\t\t\t\t\t<\/div>\n\t\t<\/section>\n\t\t\t\t<section class=\"elementor-section elementor-top-section elementor-element elementor-element-5d89c3b0 elementor-section-boxed elementor-section-height-default elementor-section-height-default sc_fly_static\" data-id=\"5d89c3b0\" data-element_type=\"section\">\n\t\t\t\t\t\t<div class=\"elementor-container elementor-column-gap-extended\">\n\t\t\t\t\t<div class=\"elementor-column elementor-col-100 elementor-top-column elementor-element elementor-element-6a00390b sc_content_align_inherit sc_layouts_column_icons_position_left sc_fly_static\" data-id=\"6a00390b\" data-element_type=\"column\">\n\t\t\t<div class=\"elementor-widget-wrap elementor-element-populated\">\n\t\t\t\t\t\t<div class=\"elementor-element elementor-element-746b1c83 sc_fly_static elementor-widget elementor-widget-spacer\" data-id=\"746b1c83\" data-element_type=\"widget\" data-widget_type=\"spacer.default\">\n\t\t\t\t<div class=\"elementor-widget-container\">\n\t\t\t\t\t\t\t<div class=\"elementor-spacer\">\n\t\t\t<div class=\"elementor-spacer-inner\"><\/div>\n\t\t<\/div>\n\t\t\t\t\t\t<\/div>\n\t\t\t\t<\/div>\n\t\t\t\t\t<\/div>\n\t\t<\/div>\n\t\t\t\t\t<\/div>\n\t\t<\/section>\n\t\t\t\t<\/div>\n\t\t","protected":false},"excerpt":{"rendered":"<p>Pol\u00edtica de Privadesa Denominaci\u00f3 social Identitat: Autoescola Hoquei &#8211; Juan Manuel S\u00e1nchez Silgado NIF: 35103285H Adre\u00e7a: Rambla Pompeu Fabra, 10 CP: 08100, Mollet del Vall\u00e8s Tel\u00e8fon: 935938646 E-mail: autoescolahoquei@gmail.com Finalitat Per qu\u00e8 utilitzem les teves dades? La seg\u00fcent Pol\u00edtica de privadesa estableix els termes&hellip;<\/p>\n","protected":false},"author":1,"featured_media":0,"parent":0,"menu_order":0,"comment_status":"closed","ping_status":"closed","template":"","meta":{"footnotes":""},"class_list":["post-5317","page","type-page","status-publish","hentry"],"yoast_head":"<!-- This site is optimized with the Yoast SEO plugin v26.8 - https:\/\/yoast.com\/product\/yoast-seo-wordpress\/ -->\n<title>Pol\u00edtica de Privadesa - Autoescola Hoquei<\/title>\n<meta name=\"description\" content=\"La seg\u00fcent Pol\u00edtica de privadesa estableix els termes en qu\u00e8 tractarem les teves dades personals a Autoescola Hoquei.\" \/>\n<meta name=\"robots\" content=\"index, follow, max-snippet:-1, max-image-preview:large, max-video-preview:-1\" \/>\n<link rel=\"canonical\" href=\"https:\/\/hoquei.es\/ca\/politica-de-privadesa\/\" \/>\n<meta property=\"og:locale\" content=\"ca_ES\" \/>\n<meta property=\"og:type\" content=\"article\" \/>\n<meta property=\"og:title\" content=\"Pol\u00edtica de Privadesa - Autoescola Hoquei\" \/>\n<meta property=\"og:description\" content=\"La seg\u00fcent Pol\u00edtica de privadesa estableix els termes en qu\u00e8 tractarem les teves dades personals a Autoescola Hoquei.\" \/>\n<meta property=\"og:url\" content=\"https:\/\/hoquei.es\/ca\/politica-de-privadesa\/\" \/>\n<meta property=\"og:site_name\" content=\"Autoescola Hoquei\" \/>\n<meta property=\"article:modified_time\" content=\"2024-09-11T21:00:12+00:00\" \/>\n<meta name=\"twitter:card\" content=\"summary_large_image\" \/>\n<meta name=\"twitter:label1\" content=\"Temps estimat de lectura\" \/>\n\t<meta name=\"twitter:data1\" content=\"4 minuts\" \/>\n<script type=\"application\/ld+json\" class=\"yoast-schema-graph\">{\"@context\":\"https:\/\/schema.org\",\"@graph\":[{\"@type\":\"WebPage\",\"@id\":\"https:\/\/hoquei.es\/ca\/politica-de-privadesa\/\",\"url\":\"https:\/\/hoquei.es\/ca\/politica-de-privadesa\/\",\"name\":\"Pol\u00edtica de Privadesa - Autoescola Hoquei\",\"isPartOf\":{\"@id\":\"https:\/\/hoquei.es\/#website\"},\"datePublished\":\"2019-09-12T14:17:44+00:00\",\"dateModified\":\"2024-09-11T21:00:12+00:00\",\"description\":\"La seg\u00fcent Pol\u00edtica de privadesa estableix els termes en qu\u00e8 tractarem les teves dades personals a Autoescola Hoquei.\",\"breadcrumb\":{\"@id\":\"https:\/\/hoquei.es\/ca\/politica-de-privadesa\/#breadcrumb\"},\"inLanguage\":\"ca\",\"potentialAction\":[{\"@type\":\"ReadAction\",\"target\":[\"https:\/\/hoquei.es\/ca\/politica-de-privadesa\/\"]}]},{\"@type\":\"BreadcrumbList\",\"@id\":\"https:\/\/hoquei.es\/ca\/politica-de-privadesa\/#breadcrumb\",\"itemListElement\":[{\"@type\":\"ListItem\",\"position\":1,\"name\":\"Portada\",\"item\":\"https:\/\/hoquei.es\/ca\/\"},{\"@type\":\"ListItem\",\"position\":2,\"name\":\"Pol\u00edtica de Privadesa\"}]},{\"@type\":\"WebSite\",\"@id\":\"https:\/\/hoquei.es\/#website\",\"url\":\"https:\/\/hoquei.es\/\",\"name\":\"Autoescola Hoquei\",\"description\":\"Tu viaje empieza aqu\u00ed.\",\"publisher\":{\"@id\":\"https:\/\/hoquei.es\/#organization\"},\"potentialAction\":[{\"@type\":\"SearchAction\",\"target\":{\"@type\":\"EntryPoint\",\"urlTemplate\":\"https:\/\/hoquei.es\/?s={search_term_string}\"},\"query-input\":{\"@type\":\"PropertyValueSpecification\",\"valueRequired\":true,\"valueName\":\"search_term_string\"}}],\"inLanguage\":\"ca\"},{\"@type\":\"Organization\",\"@id\":\"https:\/\/hoquei.es\/#organization\",\"name\":\"Autoescola Hoquei\",\"url\":\"https:\/\/hoquei.es\/\",\"logo\":{\"@type\":\"ImageObject\",\"inLanguage\":\"ca\",\"@id\":\"https:\/\/hoquei.es\/#\/schema\/logo\/image\/\",\"url\":\"https:\/\/hoquei.es\/wp-content\/uploads\/2023\/06\/cropped-logo-hoquei-1.png\",\"contentUrl\":\"https:\/\/hoquei.es\/wp-content\/uploads\/2023\/06\/cropped-logo-hoquei-1.png\",\"width\":500,\"height\":361,\"caption\":\"Autoescola Hoquei\"},\"image\":{\"@id\":\"https:\/\/hoquei.es\/#\/schema\/logo\/image\/\"},\"sameAs\":[\"https:\/\/www.instagram.com\/autoescolahoquei\/?hl=es\"]}]}<\/script>\n<!-- \/ Yoast SEO plugin. -->","yoast_head_json":{"title":"Pol\u00edtica de Privadesa - Autoescola Hoquei","description":"La seg\u00fcent Pol\u00edtica de privadesa estableix els termes en qu\u00e8 tractarem les teves dades personals a Autoescola Hoquei.","robots":{"index":"index","follow":"follow","max-snippet":"max-snippet:-1","max-image-preview":"max-image-preview:large","max-video-preview":"max-video-preview:-1"},"canonical":"https:\/\/hoquei.es\/ca\/politica-de-privadesa\/","og_locale":"ca_ES","og_type":"article","og_title":"Pol\u00edtica de Privadesa - Autoescola Hoquei","og_description":"La seg\u00fcent Pol\u00edtica de privadesa estableix els termes en qu\u00e8 tractarem les teves dades personals a Autoescola Hoquei.","og_url":"https:\/\/hoquei.es\/ca\/politica-de-privadesa\/","og_site_name":"Autoescola Hoquei","article_modified_time":"2024-09-11T21:00:12+00:00","twitter_card":"summary_large_image","twitter_misc":{"Temps estimat de lectura":"4 minuts"},"schema":{"@context":"https:\/\/schema.org","@graph":[{"@type":"WebPage","@id":"https:\/\/hoquei.es\/ca\/politica-de-privadesa\/","url":"https:\/\/hoquei.es\/ca\/politica-de-privadesa\/","name":"Pol\u00edtica de Privadesa - Autoescola Hoquei","isPartOf":{"@id":"https:\/\/hoquei.es\/#website"},"datePublished":"2019-09-12T14:17:44+00:00","dateModified":"2024-09-11T21:00:12+00:00","description":"La seg\u00fcent Pol\u00edtica de privadesa estableix els termes en qu\u00e8 tractarem les teves dades personals a Autoescola Hoquei.","breadcrumb":{"@id":"https:\/\/hoquei.es\/ca\/politica-de-privadesa\/#breadcrumb"},"inLanguage":"ca","potentialAction":[{"@type":"ReadAction","target":["https:\/\/hoquei.es\/ca\/politica-de-privadesa\/"]}]},{"@type":"BreadcrumbList","@id":"https:\/\/hoquei.es\/ca\/politica-de-privadesa\/#breadcrumb","itemListElement":[{"@type":"ListItem","position":1,"name":"Portada","item":"https:\/\/hoquei.es\/ca\/"},{"@type":"ListItem","position":2,"name":"Pol\u00edtica de Privadesa"}]},{"@type":"WebSite","@id":"https:\/\/hoquei.es\/#website","url":"https:\/\/hoquei.es\/","name":"Autoescola Hoquei","description":"Tu viaje empieza aqu\u00ed.","publisher":{"@id":"https:\/\/hoquei.es\/#organization"},"potentialAction":[{"@type":"SearchAction","target":{"@type":"EntryPoint","urlTemplate":"https:\/\/hoquei.es\/?s={search_term_string}"},"query-input":{"@type":"PropertyValueSpecification","valueRequired":true,"valueName":"search_term_string"}}],"inLanguage":"ca"},{"@type":"Organization","@id":"https:\/\/hoquei.es\/#organization","name":"Autoescola Hoquei","url":"https:\/\/hoquei.es\/","logo":{"@type":"ImageObject","inLanguage":"ca","@id":"https:\/\/hoquei.es\/#\/schema\/logo\/image\/","url":"https:\/\/hoquei.es\/wp-content\/uploads\/2023\/06\/cropped-logo-hoquei-1.png","contentUrl":"https:\/\/hoquei.es\/wp-content\/uploads\/2023\/06\/cropped-logo-hoquei-1.png","width":500,"height":361,"caption":"Autoescola Hoquei"},"image":{"@id":"https:\/\/hoquei.es\/#\/schema\/logo\/image\/"},"sameAs":["https:\/\/www.instagram.com\/autoescolahoquei\/?hl=es"]}]}},"_links":{"self":[{"href":"https:\/\/hoquei.es\/ca\/wp-json\/wp\/v2\/pages\/5317","targetHints":{"allow":["GET"]}}],"collection":[{"href":"https:\/\/hoquei.es\/ca\/wp-json\/wp\/v2\/pages"}],"about":[{"href":"https:\/\/hoquei.es\/ca\/wp-json\/wp\/v2\/types\/page"}],"author":[{"embeddable":true,"href":"https:\/\/hoquei.es\/ca\/wp-json\/wp\/v2\/users\/1"}],"replies":[{"embeddable":true,"href":"https:\/\/hoquei.es\/ca\/wp-json\/wp\/v2\/comments?post=5317"}],"version-history":[{"count":2,"href":"https:\/\/hoquei.es\/ca\/wp-json\/wp\/v2\/pages\/5317\/revisions"}],"predecessor-version":[{"id":5373,"href":"https:\/\/hoquei.es\/ca\/wp-json\/wp\/v2\/pages\/5317\/revisions\/5373"}],"wp:attachment":[{"href":"https:\/\/hoquei.es\/ca\/wp-json\/wp\/v2\/media?parent=5317"}],"curies":[{"name":"wp","href":"https:\/\/api.w.org\/{rel}","templated":true}]}}