{"id":5318,"date":"2023-06-14T13:35:51","date_gmt":"2023-06-14T13:35:51","guid":{"rendered":"https:\/\/hoquei.es\/politica-de-cookies\/"},"modified":"2024-09-11T21:00:17","modified_gmt":"2024-09-11T21:00:17","slug":"politica-de-cookies","status":"publish","type":"page","link":"https:\/\/hoquei.es\/ca\/politica-de-cookies\/","title":{"rendered":"Pol\u00edtica de Cookies"},"content":{"rendered":"\t\t<div data-elementor-type=\"wp-page\" data-elementor-id=\"5318\" class=\"elementor elementor-5318 elementor-4519\">\n\t\t\t\t\t\t<section class=\"elementor-section elementor-top-section elementor-element elementor-element-30dd57f elementor-section-boxed elementor-section-height-default elementor-section-height-default sc_fly_static\" data-id=\"30dd57f\" data-element_type=\"section\">\n\t\t\t\t\t\t<div class=\"elementor-container elementor-column-gap-extended\">\n\t\t\t\t\t<div class=\"elementor-column elementor-col-100 elementor-top-column elementor-element elementor-element-60bd21b3 sc_content_align_inherit sc_layouts_column_icons_position_left sc_fly_static\" data-id=\"60bd21b3\" data-element_type=\"column\">\n\t\t\t<div class=\"elementor-widget-wrap elementor-element-populated\">\n\t\t\t\t\t\t<div class=\"elementor-element elementor-element-69f9b0c7 sc_fly_static elementor-widget elementor-widget-spacer\" data-id=\"69f9b0c7\" data-element_type=\"widget\" data-widget_type=\"spacer.default\">\n\t\t\t\t<div class=\"elementor-widget-container\">\n\t\t\t\t\t\t\t<div class=\"elementor-spacer\">\n\t\t\t<div class=\"elementor-spacer-inner\"><\/div>\n\t\t<\/div>\n\t\t\t\t\t\t<\/div>\n\t\t\t\t<\/div>\n\t\t\t\t\t<\/div>\n\t\t<\/div>\n\t\t\t\t\t<\/div>\n\t\t<\/section>\n\t\t\t\t<section class=\"elementor-section elementor-top-section elementor-element elementor-element-356fa979 elementor-section-boxed elementor-section-height-default elementor-section-height-default sc_fly_static\" data-id=\"356fa979\" data-element_type=\"section\" data-settings=\"{&quot;background_background&quot;:&quot;classic&quot;}\">\n\t\t\t\t\t\t<div class=\"elementor-container elementor-column-gap-extended\">\n\t\t\t\t\t<div class=\"elementor-column elementor-col-100 elementor-top-column elementor-element elementor-element-5879a47 sc_content_align_inherit sc_layouts_column_icons_position_left sc_fly_static\" data-id=\"5879a47\" data-element_type=\"column\">\n\t\t\t<div class=\"elementor-widget-wrap elementor-element-populated\">\n\t\t\t\t\t\t<div class=\"elementor-element elementor-element-8182d4a sc_fly_static elementor-widget elementor-widget-heading\" data-id=\"8182d4a\" data-element_type=\"widget\" data-widget_type=\"heading.default\">\n\t\t\t\t<div class=\"elementor-widget-container\">\n\t\t\t\t\t<h1 class=\"elementor-heading-title elementor-size-default\">Pol\u00edtica de Cookies<\/h1>\t\t\t\t<\/div>\n\t\t\t\t<\/div>\n\t\t\t\t\t<\/div>\n\t\t<\/div>\n\t\t\t\t\t<\/div>\n\t\t<\/section>\n\t\t\t\t<section class=\"elementor-section elementor-top-section elementor-element elementor-element-723f6d52 elementor-section-boxed elementor-section-height-default elementor-section-height-default sc_fly_static\" data-id=\"723f6d52\" data-element_type=\"section\" data-settings=\"{&quot;background_background&quot;:&quot;classic&quot;}\">\n\t\t\t\t\t\t<div class=\"elementor-container elementor-column-gap-extended\">\n\t\t\t\t\t<div class=\"elementor-column elementor-col-100 elementor-top-column elementor-element elementor-element-523c1623 sc_content_align_inherit sc_layouts_column_icons_position_left sc_fly_static\" data-id=\"523c1623\" data-element_type=\"column\">\n\t\t\t<div class=\"elementor-widget-wrap elementor-element-populated\">\n\t\t\t\t\t\t<div class=\"elementor-element elementor-element-18dfb9b0 sc_fly_static elementor-widget elementor-widget-text-editor\" data-id=\"18dfb9b0\" data-element_type=\"widget\" data-widget_type=\"text-editor.default\">\n\t\t\t\t<div class=\"elementor-widget-container\">\n\t\t\t\t\t\t\t\t\t<div id=\"slider_carnets\" class=\"row row-carnet slider\">\n<div class=\"col-carnet col-lg-12 col-md-12 col-carnet-coche\">\n<h3><b>Pol\u00edtica de Cookies<\/b><\/h3>\n<p>Autoescola Hoquei configura les vostres cookies per aconseguir que l&#8217;experi\u00e8ncia de navegaci\u00f3 de l&#8217;usuari sigui el m\u00e9s satisfact\u00f2ria possible. \u00c9s la millor manera d&#8217;apropar els usuaris el contingut que els interessa i que ofereix aquest lloc web<\/p>\n<h4><strong>Qu\u00e8 s\u00f3n les galetes?<\/strong><\/h4>\n<p>Una galeta \u00e9s un fitxer que es baixa a l&#8217;ordinador\/smartphone\/tablet de l&#8217;usuari. Aquest fitxer sutilitza per recuperar informaci\u00f3 sobre la navegaci\u00f3 de lusuari i aconseguir aix\u00ed no perdre sessions de registre, millorar el temps de c\u00e0rrega del lloc web, no mostrar informaci\u00f3 que lusuari ja coneix, etc.<\/p>\n<p>Per con\u00e8ixer m\u00e9s informaci\u00f3 sobre les cookies, Autoescola Hoquei SL us convida a accedir al seg\u00fcent enlla\u00e7: http:\/\/www.iabspain.net\/privacidadeninternet\/usuari.<\/p>\n<p><strong>Cookies pr\u00f2pies estrictament necess\u00e0ries:<\/strong> necess\u00e0ries per oferir els serveis que l&#8217;usuari sol\u00b7licita rebre. Si es desactiven aquestes galetes, l&#8217;usuari no podr\u00e0 rebre correctament els continguts i serveis d&#8217;aquest lloc web<\/p>\n<p><strong>Cookies anal\u00edtiques:<\/strong> S&#8217;utilitzen per al seguiment i l&#8217;an\u00e0lisi estad\u00edstica del comportament dels usuaris.<\/p>\n<p><strong>Galetes publicit\u00e0ries:<\/strong> Necess\u00e0ries per gestionar els espais publicitaris seguint diferents criteris.<\/p>\n<p>La desactivaci\u00f3 de galetes anal\u00edtiques, publicit\u00e0ries i comportamentals no influir\u00e0 en el funcionament de la web, per\u00f2 repercutir\u00e0 en l&#8217;\u00e8xit dels anuncis mostrats que permeten millorar els serveis d&#8217;aquest lloc web i obtenir ingressos que ofereixen la possibilitat d&#8217;oferir de forma gratu\u00efta molts serveis i continguts.<\/p>\n<p><\/p>\n<h4><b>Cookies utilitzades per aquest lloc web<\/b><\/h4>\n<p><strong>Cookies pr\u00f2pies<\/strong><\/p>\n<p>Aquestes galetes s&#8217;utilitzen per millorar la vostra experi\u00e8ncia de navegaci\u00f3 i optimitzar el funcionament del nostre lloc web: guardem dades relatives a l&#8217;usuari, navegaci\u00f3 i petici\u00f3 d&#8217;informaci\u00f3.<\/p>\n<p><strong>Galetes anal\u00edtiques<\/strong><\/p><p>Google Analytics \u00e9s una eina d&#8217;anal\u00edtica web que permet saber el grau d&#8217;implicaci\u00f3 dels usuaris amb el web. Google Analytics recull informaci\u00f3 de manera an\u00f2nima, \u00e9s a dir, informa de les tend\u00e8ncies del lloc sense identificar els usuaris.<\/p>\n<h4><b>Desactivaci\u00f3 de cookies<\/b><\/h4>\n<p>L&#8217;usuari podr\u00e0 triar en qualsevol moment quines galetes vol que funcionin al lloc web mitjan\u00e7ant:<\/p>\n<p>La configuraci\u00f3 del navegador.<\/p>\n<p>Chrome, des de http:\/\/support.google.com\/chrome\/bin\/answer.py?hl=ca&amp;answer=95647<\/p>\n<p>Explorer, des de https:\/\/support.microsoft.com\/es-es\/help\/17442\/windows-internet-explorer-delete-manage-cookies<\/p>\n<p>Firefox, des de https:\/\/support.mozilla.org\/es\/kb\/habilitar-y-deshabilitar-cookies-sitios-web-rastrear-preferencias<\/p>\n<p>Safari, des de https:\/\/support.apple.com\/es-co\/guide\/safari\/sfri11471\/mac<\/p>\n<p>Alternatives externes.<\/p>\n<p>Els sistemes &#8216;opt-out&#8217; que indiquem a la taula anterior amb cadascuna de les cookies: L&#8217;\u00fas d&#8217;aquests sistemes pot comportar que s&#8217;instal\u00b7li al vostre ordinador una galeta &#8216;de rebuig&#8217; perqu\u00e8 funcioni la vostra petici\u00f3 de desactivaci\u00f3.<\/p>\n<p>Altres eines de tercers disponibles a altres llocs web: aquestes permeten als usuaris detectar les cookies de cada lloc web que visita i gestionar la seva desactivaci\u00f3 (per exemple, Ghostery: https:\/\/www.ghostery.com\/about-ghostery\/privacy- statements,http:\/\/www.ghostery.com\/faq).<\/p>\n<\/div>\n<\/div>\t\t\t\t\t\t\t\t<\/div>\n\t\t\t\t<\/div>\n\t\t\t\t\t<\/div>\n\t\t<\/div>\n\t\t\t\t\t<\/div>\n\t\t<\/section>\n\t\t\t\t<section class=\"elementor-section elementor-top-section elementor-element elementor-element-5d89c3b0 elementor-section-boxed elementor-section-height-default elementor-section-height-default sc_fly_static\" data-id=\"5d89c3b0\" data-element_type=\"section\">\n\t\t\t\t\t\t<div class=\"elementor-container elementor-column-gap-extended\">\n\t\t\t\t\t<div class=\"elementor-column elementor-col-100 elementor-top-column elementor-element elementor-element-6a00390b sc_content_align_inherit sc_layouts_column_icons_position_left sc_fly_static\" data-id=\"6a00390b\" data-element_type=\"column\">\n\t\t\t<div class=\"elementor-widget-wrap elementor-element-populated\">\n\t\t\t\t\t\t<div class=\"elementor-element elementor-element-746b1c83 sc_fly_static elementor-widget elementor-widget-spacer\" data-id=\"746b1c83\" data-element_type=\"widget\" data-widget_type=\"spacer.default\">\n\t\t\t\t<div class=\"elementor-widget-container\">\n\t\t\t\t\t\t\t<div class=\"elementor-spacer\">\n\t\t\t<div class=\"elementor-spacer-inner\"><\/div>\n\t\t<\/div>\n\t\t\t\t\t\t<\/div>\n\t\t\t\t<\/div>\n\t\t\t\t\t<\/div>\n\t\t<\/div>\n\t\t\t\t\t<\/div>\n\t\t<\/section>\n\t\t\t\t<\/div>\n\t\t","protected":false},"excerpt":{"rendered":"<p>Pol\u00edtica de Cookies Pol\u00edtica de Cookies Autoescola Hoquei configura les vostres cookies per aconseguir que l&#8217;experi\u00e8ncia de navegaci\u00f3 de l&#8217;usuari sigui el m\u00e9s satisfact\u00f2ria possible. \u00c9s la millor manera d&#8217;apropar els usuaris el contingut que els interessa i que ofereix aquest lloc web Qu\u00e8&hellip;<\/p>\n","protected":false},"author":2,"featured_media":0,"parent":0,"menu_order":0,"comment_status":"closed","ping_status":"closed","template":"","meta":{"footnotes":""},"class_list":["post-5318","page","type-page","status-publish","hentry"],"yoast_head":"<!-- This site is optimized with the Yoast SEO plugin v26.8 - https:\/\/yoast.com\/product\/yoast-seo-wordpress\/ -->\n<title>Pol\u00edtica de Cookies - Autoescola Hoquei<\/title>\n<meta name=\"description\" content=\"Autoescola Hoquei configura les vostres cookies per aconseguir que l&#039;experi\u00e8ncia de navegaci\u00f3 de l&#039;usuari sigui el m\u00e9s satisfact\u00f2ria possible.\" \/>\n<meta name=\"robots\" content=\"index, follow, max-snippet:-1, max-image-preview:large, max-video-preview:-1\" \/>\n<link rel=\"canonical\" href=\"https:\/\/hoquei.es\/ca\/politica-de-cookies\/\" \/>\n<meta property=\"og:locale\" content=\"ca_ES\" \/>\n<meta property=\"og:type\" content=\"article\" \/>\n<meta property=\"og:title\" content=\"Pol\u00edtica de Cookies - Autoescola Hoquei\" \/>\n<meta property=\"og:description\" content=\"Autoescola Hoquei configura les vostres cookies per aconseguir que l&#039;experi\u00e8ncia de navegaci\u00f3 de l&#039;usuari sigui el m\u00e9s satisfact\u00f2ria possible.\" \/>\n<meta property=\"og:url\" content=\"https:\/\/hoquei.es\/ca\/politica-de-cookies\/\" \/>\n<meta property=\"og:site_name\" content=\"Autoescola Hoquei\" \/>\n<meta property=\"article:modified_time\" content=\"2024-09-11T21:00:17+00:00\" \/>\n<meta name=\"twitter:card\" content=\"summary_large_image\" \/>\n<meta name=\"twitter:label1\" content=\"Temps estimat de lectura\" \/>\n\t<meta name=\"twitter:data1\" content=\"2 minuts\" \/>\n<script type=\"application\/ld+json\" class=\"yoast-schema-graph\">{\"@context\":\"https:\/\/schema.org\",\"@graph\":[{\"@type\":\"WebPage\",\"@id\":\"https:\/\/hoquei.es\/ca\/politica-de-cookies\/\",\"url\":\"https:\/\/hoquei.es\/ca\/politica-de-cookies\/\",\"name\":\"Pol\u00edtica de Cookies - Autoescola Hoquei\",\"isPartOf\":{\"@id\":\"https:\/\/hoquei.es\/#website\"},\"datePublished\":\"2023-06-14T13:35:51+00:00\",\"dateModified\":\"2024-09-11T21:00:17+00:00\",\"description\":\"Autoescola Hoquei configura les vostres cookies per aconseguir que l'experi\u00e8ncia de navegaci\u00f3 de l'usuari sigui el m\u00e9s satisfact\u00f2ria possible.\",\"breadcrumb\":{\"@id\":\"https:\/\/hoquei.es\/ca\/politica-de-cookies\/#breadcrumb\"},\"inLanguage\":\"ca\",\"potentialAction\":[{\"@type\":\"ReadAction\",\"target\":[\"https:\/\/hoquei.es\/ca\/politica-de-cookies\/\"]}]},{\"@type\":\"BreadcrumbList\",\"@id\":\"https:\/\/hoquei.es\/ca\/politica-de-cookies\/#breadcrumb\",\"itemListElement\":[{\"@type\":\"ListItem\",\"position\":1,\"name\":\"Portada\",\"item\":\"https:\/\/hoquei.es\/ca\/\"},{\"@type\":\"ListItem\",\"position\":2,\"name\":\"Pol\u00edtica de Cookies\"}]},{\"@type\":\"WebSite\",\"@id\":\"https:\/\/hoquei.es\/#website\",\"url\":\"https:\/\/hoquei.es\/\",\"name\":\"Autoescola Hoquei\",\"description\":\"Tu viaje empieza aqu\u00ed.\",\"publisher\":{\"@id\":\"https:\/\/hoquei.es\/#organization\"},\"potentialAction\":[{\"@type\":\"SearchAction\",\"target\":{\"@type\":\"EntryPoint\",\"urlTemplate\":\"https:\/\/hoquei.es\/?s={search_term_string}\"},\"query-input\":{\"@type\":\"PropertyValueSpecification\",\"valueRequired\":true,\"valueName\":\"search_term_string\"}}],\"inLanguage\":\"ca\"},{\"@type\":\"Organization\",\"@id\":\"https:\/\/hoquei.es\/#organization\",\"name\":\"Autoescola Hoquei\",\"url\":\"https:\/\/hoquei.es\/\",\"logo\":{\"@type\":\"ImageObject\",\"inLanguage\":\"ca\",\"@id\":\"https:\/\/hoquei.es\/#\/schema\/logo\/image\/\",\"url\":\"https:\/\/hoquei.es\/wp-content\/uploads\/2023\/06\/cropped-logo-hoquei-1.png\",\"contentUrl\":\"https:\/\/hoquei.es\/wp-content\/uploads\/2023\/06\/cropped-logo-hoquei-1.png\",\"width\":500,\"height\":361,\"caption\":\"Autoescola Hoquei\"},\"image\":{\"@id\":\"https:\/\/hoquei.es\/#\/schema\/logo\/image\/\"},\"sameAs\":[\"https:\/\/www.instagram.com\/autoescolahoquei\/?hl=es\"]}]}<\/script>\n<!-- \/ Yoast SEO plugin. -->","yoast_head_json":{"title":"Pol\u00edtica de Cookies - Autoescola Hoquei","description":"Autoescola Hoquei configura les vostres cookies per aconseguir que l'experi\u00e8ncia de navegaci\u00f3 de l'usuari sigui el m\u00e9s satisfact\u00f2ria possible.","robots":{"index":"index","follow":"follow","max-snippet":"max-snippet:-1","max-image-preview":"max-image-preview:large","max-video-preview":"max-video-preview:-1"},"canonical":"https:\/\/hoquei.es\/ca\/politica-de-cookies\/","og_locale":"ca_ES","og_type":"article","og_title":"Pol\u00edtica de Cookies - Autoescola Hoquei","og_description":"Autoescola Hoquei configura les vostres cookies per aconseguir que l'experi\u00e8ncia de navegaci\u00f3 de l'usuari sigui el m\u00e9s satisfact\u00f2ria possible.","og_url":"https:\/\/hoquei.es\/ca\/politica-de-cookies\/","og_site_name":"Autoescola Hoquei","article_modified_time":"2024-09-11T21:00:17+00:00","twitter_card":"summary_large_image","twitter_misc":{"Temps estimat de lectura":"2 minuts"},"schema":{"@context":"https:\/\/schema.org","@graph":[{"@type":"WebPage","@id":"https:\/\/hoquei.es\/ca\/politica-de-cookies\/","url":"https:\/\/hoquei.es\/ca\/politica-de-cookies\/","name":"Pol\u00edtica de Cookies - Autoescola Hoquei","isPartOf":{"@id":"https:\/\/hoquei.es\/#website"},"datePublished":"2023-06-14T13:35:51+00:00","dateModified":"2024-09-11T21:00:17+00:00","description":"Autoescola Hoquei configura les vostres cookies per aconseguir que l'experi\u00e8ncia de navegaci\u00f3 de l'usuari sigui el m\u00e9s satisfact\u00f2ria possible.","breadcrumb":{"@id":"https:\/\/hoquei.es\/ca\/politica-de-cookies\/#breadcrumb"},"inLanguage":"ca","potentialAction":[{"@type":"ReadAction","target":["https:\/\/hoquei.es\/ca\/politica-de-cookies\/"]}]},{"@type":"BreadcrumbList","@id":"https:\/\/hoquei.es\/ca\/politica-de-cookies\/#breadcrumb","itemListElement":[{"@type":"ListItem","position":1,"name":"Portada","item":"https:\/\/hoquei.es\/ca\/"},{"@type":"ListItem","position":2,"name":"Pol\u00edtica de Cookies"}]},{"@type":"WebSite","@id":"https:\/\/hoquei.es\/#website","url":"https:\/\/hoquei.es\/","name":"Autoescola Hoquei","description":"Tu viaje empieza aqu\u00ed.","publisher":{"@id":"https:\/\/hoquei.es\/#organization"},"potentialAction":[{"@type":"SearchAction","target":{"@type":"EntryPoint","urlTemplate":"https:\/\/hoquei.es\/?s={search_term_string}"},"query-input":{"@type":"PropertyValueSpecification","valueRequired":true,"valueName":"search_term_string"}}],"inLanguage":"ca"},{"@type":"Organization","@id":"https:\/\/hoquei.es\/#organization","name":"Autoescola Hoquei","url":"https:\/\/hoquei.es\/","logo":{"@type":"ImageObject","inLanguage":"ca","@id":"https:\/\/hoquei.es\/#\/schema\/logo\/image\/","url":"https:\/\/hoquei.es\/wp-content\/uploads\/2023\/06\/cropped-logo-hoquei-1.png","contentUrl":"https:\/\/hoquei.es\/wp-content\/uploads\/2023\/06\/cropped-logo-hoquei-1.png","width":500,"height":361,"caption":"Autoescola Hoquei"},"image":{"@id":"https:\/\/hoquei.es\/#\/schema\/logo\/image\/"},"sameAs":["https:\/\/www.instagram.com\/autoescolahoquei\/?hl=es"]}]}},"_links":{"self":[{"href":"https:\/\/hoquei.es\/ca\/wp-json\/wp\/v2\/pages\/5318","targetHints":{"allow":["GET"]}}],"collection":[{"href":"https:\/\/hoquei.es\/ca\/wp-json\/wp\/v2\/pages"}],"about":[{"href":"https:\/\/hoquei.es\/ca\/wp-json\/wp\/v2\/types\/page"}],"author":[{"embeddable":true,"href":"https:\/\/hoquei.es\/ca\/wp-json\/wp\/v2\/users\/2"}],"replies":[{"embeddable":true,"href":"https:\/\/hoquei.es\/ca\/wp-json\/wp\/v2\/comments?post=5318"}],"version-history":[{"count":2,"href":"https:\/\/hoquei.es\/ca\/wp-json\/wp\/v2\/pages\/5318\/revisions"}],"predecessor-version":[{"id":5372,"href":"https:\/\/hoquei.es\/ca\/wp-json\/wp\/v2\/pages\/5318\/revisions\/5372"}],"wp:attachment":[{"href":"https:\/\/hoquei.es\/ca\/wp-json\/wp\/v2\/media?parent=5318"}],"curies":[{"name":"wp","href":"https:\/\/api.w.org\/{rel}","templated":true}]}}