{"id":5322,"date":"2023-06-14T13:39:51","date_gmt":"2023-06-14T13:39:51","guid":{"rendered":"https:\/\/hoquei.es\/avis-legal\/"},"modified":"2024-09-11T20:59:37","modified_gmt":"2024-09-11T20:59:37","slug":"avis-legal","status":"publish","type":"page","link":"https:\/\/hoquei.es\/ca\/avis-legal\/","title":{"rendered":"Av\u00eds Legal"},"content":{"rendered":"\t\t<div data-elementor-type=\"wp-page\" data-elementor-id=\"5322\" class=\"elementor elementor-5322 elementor-4526\">\n\t\t\t\t\t\t<section class=\"elementor-section elementor-top-section elementor-element elementor-element-30dd57f elementor-section-boxed elementor-section-height-default elementor-section-height-default sc_fly_static\" data-id=\"30dd57f\" data-element_type=\"section\">\n\t\t\t\t\t\t<div class=\"elementor-container elementor-column-gap-extended\">\n\t\t\t\t\t<div class=\"elementor-column elementor-col-100 elementor-top-column elementor-element elementor-element-60bd21b3 sc_content_align_inherit sc_layouts_column_icons_position_left sc_fly_static\" data-id=\"60bd21b3\" data-element_type=\"column\">\n\t\t\t<div class=\"elementor-widget-wrap elementor-element-populated\">\n\t\t\t\t\t\t<div class=\"elementor-element elementor-element-69f9b0c7 sc_fly_static elementor-widget elementor-widget-spacer\" data-id=\"69f9b0c7\" data-element_type=\"widget\" data-widget_type=\"spacer.default\">\n\t\t\t\t<div class=\"elementor-widget-container\">\n\t\t\t\t\t\t\t<div class=\"elementor-spacer\">\n\t\t\t<div class=\"elementor-spacer-inner\"><\/div>\n\t\t<\/div>\n\t\t\t\t\t\t<\/div>\n\t\t\t\t<\/div>\n\t\t\t\t\t<\/div>\n\t\t<\/div>\n\t\t\t\t\t<\/div>\n\t\t<\/section>\n\t\t\t\t<section class=\"elementor-section elementor-top-section elementor-element elementor-element-356fa979 elementor-section-boxed elementor-section-height-default elementor-section-height-default sc_fly_static\" data-id=\"356fa979\" data-element_type=\"section\" data-settings=\"{&quot;background_background&quot;:&quot;classic&quot;}\">\n\t\t\t\t\t\t<div class=\"elementor-container elementor-column-gap-extended\">\n\t\t\t\t\t<div class=\"elementor-column elementor-col-100 elementor-top-column elementor-element elementor-element-5879a47 sc_content_align_inherit sc_layouts_column_icons_position_left sc_fly_static\" data-id=\"5879a47\" data-element_type=\"column\">\n\t\t\t<div class=\"elementor-widget-wrap elementor-element-populated\">\n\t\t\t\t\t\t<div class=\"elementor-element elementor-element-8182d4a sc_fly_static elementor-widget elementor-widget-heading\" data-id=\"8182d4a\" data-element_type=\"widget\" data-widget_type=\"heading.default\">\n\t\t\t\t<div class=\"elementor-widget-container\">\n\t\t\t\t\t<h1 class=\"elementor-heading-title elementor-size-default\">Av\u00eds Legal<\/h1>\t\t\t\t<\/div>\n\t\t\t\t<\/div>\n\t\t\t\t\t<\/div>\n\t\t<\/div>\n\t\t\t\t\t<\/div>\n\t\t<\/section>\n\t\t\t\t<section class=\"elementor-section elementor-top-section elementor-element elementor-element-723f6d52 elementor-section-boxed elementor-section-height-default elementor-section-height-default sc_fly_static\" data-id=\"723f6d52\" data-element_type=\"section\" data-settings=\"{&quot;background_background&quot;:&quot;classic&quot;}\">\n\t\t\t\t\t\t<div class=\"elementor-container elementor-column-gap-extended\">\n\t\t\t\t\t<div class=\"elementor-column elementor-col-100 elementor-top-column elementor-element elementor-element-523c1623 sc_content_align_inherit sc_layouts_column_icons_position_left sc_fly_static\" data-id=\"523c1623\" data-element_type=\"column\">\n\t\t\t<div class=\"elementor-widget-wrap elementor-element-populated\">\n\t\t\t\t\t\t<div class=\"elementor-element elementor-element-18dfb9b0 sc_fly_static elementor-widget elementor-widget-text-editor\" data-id=\"18dfb9b0\" data-element_type=\"widget\" data-widget_type=\"text-editor.default\">\n\t\t\t\t<div class=\"elementor-widget-container\">\n\t\t\t\t\t\t\t\t\t<div id=\"slider_carnets\" class=\"row row-carnet slider\">\n<div class=\"col-carnet col-lg-12 col-md-12 col-carnet-coche\">\n<header id=\"main-header\" class=\"\" data-height-onload=\"102\" data-height-loaded=\"true\" data-fixed-height-onload=\"55\">\n<div class=\"container clearfix et_menu_container\">\n<div id=\"et-top-navigation\" data-height=\"87\" data-fixed-height=\"40\">\n<nav id=\"top-menu-nav\">\n<ul id=\"top-menu\" class=\"nav\">\n<li id=\"menu-item-10022\" class=\"menu-item menu-item-type-custom menu-item-object-custom menu-item-has-children menu-item-10022\" style=\"list-style-type: none;\"> <\/li>\n<\/ul>\n<\/nav>\n<\/div>\n<\/div>\n<\/header>\n<div id=\"et-main-area\">\n<div id=\"main-content\">\n<article id=\"post-58907\" class=\"post-58907 page type-page status-publish hentry\">\n<div class=\"entry-content\">\n<div class=\"et-l et-l--post\">\n<div class=\"et_builder_inner_content et_pb_gutters3\">\n<div class=\"et_pb_section et_pb_section_0 et_section_regular\">\n<div class=\"et_pb_row et_pb_row_0 et_pb_row_1-4_3-4\">\n<div class=\"et_pb_column et_pb_column_1_4 et_pb_column_0 et_pb_css_mix_blend_mode_passthrough\"> <\/div>\n<div class=\"et_pb_column et_pb_column_3_4 et_pb_column_1 et_pb_css_mix_blend_mode_passthrough et-last-child\">\n<div class=\"et_pb_module et_pb_text et_pb_text_0 et_clickable et_pb_text_align_left et_pb_bg_layout_light\">\n<div class=\"et_pb_text_inner\">\n<p>Autoescola Hoquei ofereix al lloc web informaci\u00f3 relacionada amb la seva activitat empresarial, productes i serveis que ofereix, havent de ser considerada aquesta informaci\u00f3 com a introducci\u00f3. La finalitat principal de la p\u00e0gina web \u00e9s publicit\u00e0ria, informativa i comercial; aix\u00ed mateix, s&#8217;ofereix la possibilitat de contactar o sol\u00b7licitar informaci\u00f3 m\u00e9s detallada dels serveis d&#8217;Autoescola Hoquei.<\/p>\n<p>L&#8217;Usuari en el proc\u00e9s de navegaci\u00f3 o utilitzant les eines i els serveis que ofereix Autoescola Hoquei est\u00e0 acceptant el compliment de les Condicions legals d&#8217;aquest lloc web i la Pol\u00edtica de privadesa.<\/p>\n<p>L&#8217;Usuari es compromet a fer un \u00fas adequat dels continguts i serveis que Autoescola Hoquei ofereix a trav\u00e9s de la seva web i amb car\u00e0cter enunciatiu per\u00f2 no limitatiu, a no fer-los servir per inc\u00f3rrer en activitats il\u00b7legals o contr\u00e0ries a la bona fe ia l&#8217;ordre p\u00fablic; provocar danys als sistemes f\u00edsics i l\u00f2gics d&#8217;Autoescola Hoquei.<\/p>\n<p>En els casos en qu\u00e8 l&#8217;Usuari hagi d&#8217;accedir a un servei mitjan\u00e7ant un proc\u00e9s de registre, ser\u00e0 responsable d&#8217;aportar informaci\u00f3 vera\u00e7 i l\u00edcita. Com a conseq\u00fc\u00e8ncia d&#8217;aquest registre, a l&#8217;Usuari se li pot proporcionar una contrasenya de la qual ser\u00e0 responsable, comprometent-se a fer-ne un \u00fas diligent i confidencial.<\/p>\n<p>L&#8217;usuari no podr\u00e0 demanar dades d&#8217;aquesta web amb la finalitat d&#8217;enviar publicitat sense el consentiment d&#8217;Autoescola Hoquei.<\/p>\n<h3><b>Titularitat i propietat intel\u00b7lectual i industrial  <\/b><\/h3>\n<p>Autoescola Hoquei per si o com a cession\u00e0ria, \u00e9s titular de tots els drets de propietat intel\u00b7lectual i industrial de les seves p\u00e0gines webs, aix\u00ed com dels elements continguts en aquest (a t\u00edtol enunciatiu, marques, imatges, so, \u00e0udio, v\u00eddeo, o textos ( logotips, combinacions de colors, estructura i disseny, selecci\u00f3 de materials usats, programes d&#8217;ordinador necessaris per al seu funcionament, acc\u00e9s i \u00fas, etc.).<\/p>\n<p>En virtut del que disposa la normativa nacional, europea i internacional sobre propietat intel\u00b7lectual, queden expressament prohibides la reproducci\u00f3, la distribuci\u00f3 i la comunicaci\u00f3 p\u00fablica, inclosa la seva modalitat de posada a disposici\u00f3, de la totalitat o part dels continguts d&#8217;aquesta p\u00e0gina web i en concret al contingut elaborat per Autoescola Hoquei, amb finalitats comercials, en qualsevol suport i per qualsevol mitj\u00e0 t\u00e8cnic, sense l&#8217;autoritzaci\u00f3 d&#8217;Autoescola Hoquei.<\/p>\n<p>L&#8217;usuari es compromet a respectar els drets de propietat intel\u00b7lectual i industrial de titularitat d&#8217;Autoescola Hoquei. L&#8217;Usuari haur\u00e0 d&#8217;abstenir-se de suprimir, alterar, eludir o manipular qualsevol contingut de protecci\u00f3 o sistema de seguretat que estigu\u00e9s instal\u00b7lat a les p\u00e0gines d&#8217;Autoescola Hoquei.<\/p>\n<p>Navegar o entrar a aquesta web no d\u00f3na dret, sota cap concepte, llic\u00e8ncia per reproduir, distribuir, transformar o comercialitzar els seus continguts o serveis, excepte previ i expr\u00e9s consentiment d&#8217;Autoescola Hoquei.<\/p>\n<h4><b>Dret d&#8217;exclusi\u00f3 i modificaci\u00f3<\/b><\/h4>\n<p>Autoescola Hoquei es reserva el dret a denegar o retirar l&#8217;acc\u00e9s als seus llocs web i\/o als serveis oferts sense necessitat de preav\u00eds, a inst\u00e0ncia pr\u00f2pia o d&#8217;un tercer, a aquells usuaris que incompleixin aquestes Condicions legals.<\/p>\n<p>Aix\u00ed mateix, es reserva el dret a retirar tots aquells continguts realitzats per tercers que considerin que no compleixen les Condicions d&#8217;Autoescola Hoquei o que al seu parer, no resultessin adequats per a la seva publicaci\u00f3 als llocs web d&#8217;Autoescola Hoquei o continguts que consideri no apropiats a les caracter\u00edstiques i finalitats d&#8217;Autoescola Hoquei.<\/p>\n<h4><b>Modificacions en les condicions legals i Pol\u00edtica de protecci\u00f3 de dades  <\/b><\/h4>\n<p>Autoescola Hoquei es reserva el dret d&#8217;ALTERAR, afegir i\/o SUPRIMIR en qualsevol moment i sense previ av\u00eds qualsevol part de les condicions i\/o modificar continguts de la p\u00e0gina web, per la qual cosa us aconsellem encaridament que comproveu peri\u00f2dicament els canvis que realitzi Autoescola Hoquei a la seva web. En cap cas les modificacions realitzades per Autoescola Hoquei a la p\u00e0gina web donaran dret al visitant de la web cap indemnitzaci\u00f3.<\/p>\n<h4><b>Generalitats<\/b><\/h4>\n<p>Autoescola Hoquei podr\u00e0 emprendre accions civils, judicials i\/o criminals contra les persones f\u00edsiques o jur\u00eddiques que violin les presents condicions expressades per Autoescola Hoquei al seu lloc web.<\/p>\n<h4><b>Legislaci\u00f3 aplicable i jurisdicci\u00f3<\/b><\/h4>\n<p>El lloc web d&#8217;Autoescola Hoquei \u00e9s conforme a les lleis d&#8217;Espanya. En cas de conflicte, o reclamaci\u00f3 que guardi relaci\u00f3 amb els continguts i els serveis d&#8217;aquesta la p\u00e0gina web, ser\u00e0 resolt pels jutges i tribunals de Madrid i segons la legislaci\u00f3 espanyola, renunciant ambdues parts al fur propi que els correspongui.<\/p>\n<\/div>\n<\/div>\n<\/div>\n<\/div>\n<\/div>\n<\/div>\n<\/div>\n<\/div>\n<\/article>\n<\/div>\n<\/div>\n<\/div>\n<\/div>\n\t\t\t\t\t\t\t\t<\/div>\n\t\t\t\t<\/div>\n\t\t\t\t\t<\/div>\n\t\t<\/div>\n\t\t\t\t\t<\/div>\n\t\t<\/section>\n\t\t\t\t<section class=\"elementor-section elementor-top-section elementor-element elementor-element-5d89c3b0 elementor-section-boxed elementor-section-height-default elementor-section-height-default sc_fly_static\" data-id=\"5d89c3b0\" data-element_type=\"section\">\n\t\t\t\t\t\t<div class=\"elementor-container elementor-column-gap-extended\">\n\t\t\t\t\t<div class=\"elementor-column elementor-col-100 elementor-top-column elementor-element elementor-element-6a00390b sc_content_align_inherit sc_layouts_column_icons_position_left sc_fly_static\" data-id=\"6a00390b\" data-element_type=\"column\">\n\t\t\t<div class=\"elementor-widget-wrap elementor-element-populated\">\n\t\t\t\t\t\t<div class=\"elementor-element elementor-element-746b1c83 sc_fly_static elementor-widget elementor-widget-spacer\" data-id=\"746b1c83\" data-element_type=\"widget\" data-widget_type=\"spacer.default\">\n\t\t\t\t<div class=\"elementor-widget-container\">\n\t\t\t\t\t\t\t<div class=\"elementor-spacer\">\n\t\t\t<div class=\"elementor-spacer-inner\"><\/div>\n\t\t<\/div>\n\t\t\t\t\t\t<\/div>\n\t\t\t\t<\/div>\n\t\t\t\t\t<\/div>\n\t\t<\/div>\n\t\t\t\t\t<\/div>\n\t\t<\/section>\n\t\t\t\t<\/div>\n\t\t","protected":false},"excerpt":{"rendered":"<p>Av\u00eds Legal Autoescola Hoquei ofereix al lloc web informaci\u00f3 relacionada amb la seva activitat empresarial, productes i serveis que ofereix, havent de ser considerada aquesta informaci\u00f3 com a introducci\u00f3. La finalitat principal de la p\u00e0gina web \u00e9s publicit\u00e0ria, informativa i comercial; aix\u00ed mateix, s&#8217;ofereix&hellip;<\/p>\n","protected":false},"author":2,"featured_media":0,"parent":0,"menu_order":0,"comment_status":"closed","ping_status":"closed","template":"","meta":{"footnotes":""},"class_list":["post-5322","page","type-page","status-publish","hentry"],"yoast_head":"<!-- This site is optimized with the Yoast SEO plugin v26.8 - https:\/\/yoast.com\/product\/yoast-seo-wordpress\/ -->\n<title>Av\u00eds Legal - Autoescola Hoquei<\/title>\n<meta name=\"description\" content=\"Av\u00eds Legal de la p\u00e0gina web Autoescola Hoquei. L&#039;Usuari es compromet a fer un \u00fas adequat dels continguts i serveis...\" \/>\n<meta name=\"robots\" content=\"index, follow, max-snippet:-1, max-image-preview:large, max-video-preview:-1\" \/>\n<link rel=\"canonical\" href=\"https:\/\/hoquei.es\/ca\/avis-legal\/\" \/>\n<meta property=\"og:locale\" content=\"ca_ES\" \/>\n<meta property=\"og:type\" content=\"article\" \/>\n<meta property=\"og:title\" content=\"Av\u00eds Legal - Autoescola Hoquei\" \/>\n<meta property=\"og:description\" content=\"Av\u00eds Legal de la p\u00e0gina web Autoescola Hoquei. L&#039;Usuari es compromet a fer un \u00fas adequat dels continguts i serveis...\" \/>\n<meta property=\"og:url\" content=\"https:\/\/hoquei.es\/ca\/avis-legal\/\" \/>\n<meta property=\"og:site_name\" content=\"Autoescola Hoquei\" \/>\n<meta property=\"article:modified_time\" content=\"2024-09-11T20:59:37+00:00\" \/>\n<meta name=\"twitter:card\" content=\"summary_large_image\" \/>\n<meta name=\"twitter:label1\" content=\"Temps estimat de lectura\" \/>\n\t<meta name=\"twitter:data1\" content=\"4 minuts\" \/>\n<script type=\"application\/ld+json\" class=\"yoast-schema-graph\">{\"@context\":\"https:\/\/schema.org\",\"@graph\":[{\"@type\":\"WebPage\",\"@id\":\"https:\/\/hoquei.es\/ca\/avis-legal\/\",\"url\":\"https:\/\/hoquei.es\/ca\/avis-legal\/\",\"name\":\"Av\u00eds Legal - Autoescola Hoquei\",\"isPartOf\":{\"@id\":\"https:\/\/hoquei.es\/#website\"},\"datePublished\":\"2023-06-14T13:39:51+00:00\",\"dateModified\":\"2024-09-11T20:59:37+00:00\",\"description\":\"Av\u00eds Legal de la p\u00e0gina web Autoescola Hoquei. L'Usuari es compromet a fer un \u00fas adequat dels continguts i serveis...\",\"breadcrumb\":{\"@id\":\"https:\/\/hoquei.es\/ca\/avis-legal\/#breadcrumb\"},\"inLanguage\":\"ca\",\"potentialAction\":[{\"@type\":\"ReadAction\",\"target\":[\"https:\/\/hoquei.es\/ca\/avis-legal\/\"]}]},{\"@type\":\"BreadcrumbList\",\"@id\":\"https:\/\/hoquei.es\/ca\/avis-legal\/#breadcrumb\",\"itemListElement\":[{\"@type\":\"ListItem\",\"position\":1,\"name\":\"Portada\",\"item\":\"https:\/\/hoquei.es\/ca\/\"},{\"@type\":\"ListItem\",\"position\":2,\"name\":\"Av\u00eds Legal\"}]},{\"@type\":\"WebSite\",\"@id\":\"https:\/\/hoquei.es\/#website\",\"url\":\"https:\/\/hoquei.es\/\",\"name\":\"Autoescola Hoquei\",\"description\":\"Tu viaje empieza aqu\u00ed.\",\"publisher\":{\"@id\":\"https:\/\/hoquei.es\/#organization\"},\"potentialAction\":[{\"@type\":\"SearchAction\",\"target\":{\"@type\":\"EntryPoint\",\"urlTemplate\":\"https:\/\/hoquei.es\/?s={search_term_string}\"},\"query-input\":{\"@type\":\"PropertyValueSpecification\",\"valueRequired\":true,\"valueName\":\"search_term_string\"}}],\"inLanguage\":\"ca\"},{\"@type\":\"Organization\",\"@id\":\"https:\/\/hoquei.es\/#organization\",\"name\":\"Autoescola Hoquei\",\"url\":\"https:\/\/hoquei.es\/\",\"logo\":{\"@type\":\"ImageObject\",\"inLanguage\":\"ca\",\"@id\":\"https:\/\/hoquei.es\/#\/schema\/logo\/image\/\",\"url\":\"https:\/\/hoquei.es\/wp-content\/uploads\/2023\/06\/cropped-logo-hoquei-1.png\",\"contentUrl\":\"https:\/\/hoquei.es\/wp-content\/uploads\/2023\/06\/cropped-logo-hoquei-1.png\",\"width\":500,\"height\":361,\"caption\":\"Autoescola Hoquei\"},\"image\":{\"@id\":\"https:\/\/hoquei.es\/#\/schema\/logo\/image\/\"},\"sameAs\":[\"https:\/\/www.instagram.com\/autoescolahoquei\/?hl=es\"]}]}<\/script>\n<!-- \/ Yoast SEO plugin. -->","yoast_head_json":{"title":"Av\u00eds Legal - Autoescola Hoquei","description":"Av\u00eds Legal de la p\u00e0gina web Autoescola Hoquei. L'Usuari es compromet a fer un \u00fas adequat dels continguts i serveis...","robots":{"index":"index","follow":"follow","max-snippet":"max-snippet:-1","max-image-preview":"max-image-preview:large","max-video-preview":"max-video-preview:-1"},"canonical":"https:\/\/hoquei.es\/ca\/avis-legal\/","og_locale":"ca_ES","og_type":"article","og_title":"Av\u00eds Legal - Autoescola Hoquei","og_description":"Av\u00eds Legal de la p\u00e0gina web Autoescola Hoquei. L'Usuari es compromet a fer un \u00fas adequat dels continguts i serveis...","og_url":"https:\/\/hoquei.es\/ca\/avis-legal\/","og_site_name":"Autoescola Hoquei","article_modified_time":"2024-09-11T20:59:37+00:00","twitter_card":"summary_large_image","twitter_misc":{"Temps estimat de lectura":"4 minuts"},"schema":{"@context":"https:\/\/schema.org","@graph":[{"@type":"WebPage","@id":"https:\/\/hoquei.es\/ca\/avis-legal\/","url":"https:\/\/hoquei.es\/ca\/avis-legal\/","name":"Av\u00eds Legal - Autoescola Hoquei","isPartOf":{"@id":"https:\/\/hoquei.es\/#website"},"datePublished":"2023-06-14T13:39:51+00:00","dateModified":"2024-09-11T20:59:37+00:00","description":"Av\u00eds Legal de la p\u00e0gina web Autoescola Hoquei. L'Usuari es compromet a fer un \u00fas adequat dels continguts i serveis...","breadcrumb":{"@id":"https:\/\/hoquei.es\/ca\/avis-legal\/#breadcrumb"},"inLanguage":"ca","potentialAction":[{"@type":"ReadAction","target":["https:\/\/hoquei.es\/ca\/avis-legal\/"]}]},{"@type":"BreadcrumbList","@id":"https:\/\/hoquei.es\/ca\/avis-legal\/#breadcrumb","itemListElement":[{"@type":"ListItem","position":1,"name":"Portada","item":"https:\/\/hoquei.es\/ca\/"},{"@type":"ListItem","position":2,"name":"Av\u00eds Legal"}]},{"@type":"WebSite","@id":"https:\/\/hoquei.es\/#website","url":"https:\/\/hoquei.es\/","name":"Autoescola Hoquei","description":"Tu viaje empieza aqu\u00ed.","publisher":{"@id":"https:\/\/hoquei.es\/#organization"},"potentialAction":[{"@type":"SearchAction","target":{"@type":"EntryPoint","urlTemplate":"https:\/\/hoquei.es\/?s={search_term_string}"},"query-input":{"@type":"PropertyValueSpecification","valueRequired":true,"valueName":"search_term_string"}}],"inLanguage":"ca"},{"@type":"Organization","@id":"https:\/\/hoquei.es\/#organization","name":"Autoescola Hoquei","url":"https:\/\/hoquei.es\/","logo":{"@type":"ImageObject","inLanguage":"ca","@id":"https:\/\/hoquei.es\/#\/schema\/logo\/image\/","url":"https:\/\/hoquei.es\/wp-content\/uploads\/2023\/06\/cropped-logo-hoquei-1.png","contentUrl":"https:\/\/hoquei.es\/wp-content\/uploads\/2023\/06\/cropped-logo-hoquei-1.png","width":500,"height":361,"caption":"Autoescola Hoquei"},"image":{"@id":"https:\/\/hoquei.es\/#\/schema\/logo\/image\/"},"sameAs":["https:\/\/www.instagram.com\/autoescolahoquei\/?hl=es"]}]}},"_links":{"self":[{"href":"https:\/\/hoquei.es\/ca\/wp-json\/wp\/v2\/pages\/5322","targetHints":{"allow":["GET"]}}],"collection":[{"href":"https:\/\/hoquei.es\/ca\/wp-json\/wp\/v2\/pages"}],"about":[{"href":"https:\/\/hoquei.es\/ca\/wp-json\/wp\/v2\/types\/page"}],"author":[{"embeddable":true,"href":"https:\/\/hoquei.es\/ca\/wp-json\/wp\/v2\/users\/2"}],"replies":[{"embeddable":true,"href":"https:\/\/hoquei.es\/ca\/wp-json\/wp\/v2\/comments?post=5322"}],"version-history":[{"count":2,"href":"https:\/\/hoquei.es\/ca\/wp-json\/wp\/v2\/pages\/5322\/revisions"}],"predecessor-version":[{"id":5367,"href":"https:\/\/hoquei.es\/ca\/wp-json\/wp\/v2\/pages\/5322\/revisions\/5367"}],"wp:attachment":[{"href":"https:\/\/hoquei.es\/ca\/wp-json\/wp\/v2\/media?parent=5322"}],"curies":[{"name":"wp","href":"https:\/\/api.w.org\/{rel}","templated":true}]}}