{"id":5341,"date":"2023-06-06T15:43:44","date_gmt":"2023-06-06T15:43:44","guid":{"rendered":"https:\/\/hoquei.es\/product\/permis-b-pack-teoric-10-practiques-1-h\/"},"modified":"2024-09-18T13:38:55","modified_gmt":"2024-09-18T13:38:55","slug":"pack-teorico-10-practiques","status":"publish","type":"product","link":"https:\/\/hoquei.es\/ca\/producte\/pack-teorico-10-practiques\/","title":{"rendered":"Perm\u00eds B: Pack Te\u00f2ric + 10 pr\u00e0ctiques 1 h"},"content":{"rendered":"<h4><strong>Pack te\u00f2ric + 10 pr\u00e0ctiques de 1 hora<\/strong><\/h4>\n<p>Els preus no inclouen taxes, examen te\u00f2ric ni renovaci\u00f3.<\/p>\n<p>Per a m\u00e9s informaci\u00f3 sobre les pr\u00e0ctiques, la renovaci\u00f3 i d&#8217;altres q\u00fcestions, consulteu a l&#8217;autoescola.<\/p>\n<h4><strong>Vine a veure&#8217;ns!<\/strong><\/h4>\n<p>Sempre ens agrada fer un primer contacte amb els nostres alumnes per coneixe&#8217;ns millor i saber les vostres inquietuds i necessitats. T&#8217;aconsellem venir a l&#8217;autoescola i aix\u00ed podem explicar-te tot fil per randa ;). All\u00e0 podr\u00e0s fer el pagament c\u00f2modament.<\/p>\n","protected":false},"excerpt":{"rendered":"<p>Pack te\u00f2ric + 10 pr\u00e0ctiques de 1 hora Els preus no inclouen taxes, examen te\u00f2ric ni renovaci\u00f3. Per a m\u00e9s informaci\u00f3 sobre les pr\u00e0ctiques, la renovaci\u00f3 i d&#8217;altres q\u00fcestions, consulteu a l&#8217;autoescola. Vine a veure&#8217;ns! Sempre ens agrada fer un primer contacte amb els&hellip;<\/p>\n","protected":false},"featured_media":5314,"comment_status":"closed","ping_status":"closed","template":"","meta":[],"product_brand":[],"product_cat":[226],"product_tag":[153],"class_list":{"0":"post-5341","1":"product","2":"type-product","3":"status-publish","4":"has-post-thumbnail","6":"product_cat-permis-b","7":"product_tag-practiques","9":"first","10":"instock","11":"featured","12":"taxable","13":"shipping-taxable","14":"product-type-simple"},"yoast_head":"<!-- This site is optimized with the Yoast SEO plugin v26.8 - https:\/\/yoast.com\/product\/yoast-seo-wordpress\/ -->\n<title>Perm\u00eds B: Pack Te\u00f2ric + 10 pr\u00e0ctiques 1 h - Autoescola Hoquei<\/title>\n<meta name=\"robots\" content=\"index, follow, max-snippet:-1, max-image-preview:large, max-video-preview:-1\" \/>\n<link rel=\"canonical\" href=\"https:\/\/hoquei.es\/ca\/producte\/pack-teorico-10-practiques\/\" \/>\n<meta property=\"og:locale\" content=\"ca_ES\" \/>\n<meta property=\"og:type\" content=\"article\" \/>\n<meta property=\"og:title\" content=\"Perm\u00eds B: Pack Te\u00f2ric + 10 pr\u00e0ctiques 1 h - Autoescola Hoquei\" \/>\n<meta property=\"og:description\" content=\"Pack te\u00f2ric + 10 pr\u00e0ctiques de 1 hora Els preus no inclouen taxes, examen te\u00f2ric ni renovaci\u00f3. Per a m\u00e9s informaci\u00f3 sobre les pr\u00e0ctiques, la renovaci\u00f3 i d&#8217;altres q\u00fcestions, consulteu a l&#8217;autoescola. Vine a veure&#8217;ns! Sempre ens agrada fer un primer contacte amb els&hellip;\" \/>\n<meta property=\"og:url\" content=\"https:\/\/hoquei.es\/ca\/producte\/pack-teorico-10-practiques\/\" \/>\n<meta property=\"og:site_name\" content=\"Autoescola Hoquei\" \/>\n<meta property=\"article:modified_time\" content=\"2024-09-18T13:38:55+00:00\" \/>\n<meta property=\"og:image\" content=\"https:\/\/hoquei.es\/wp-content\/uploads\/2023\/06\/PermisoB_.jpg\" \/>\n\t<meta property=\"og:image:width\" content=\"1920\" \/>\n\t<meta property=\"og:image:height\" content=\"1289\" \/>\n\t<meta property=\"og:image:type\" content=\"image\/jpeg\" \/>\n<meta name=\"twitter:card\" content=\"summary_large_image\" \/>\n<meta name=\"twitter:label1\" content=\"Temps estimat de lectura\" \/>\n\t<meta name=\"twitter:data1\" content=\"1 minut\" \/>\n<script type=\"application\/ld+json\" class=\"yoast-schema-graph\">{\"@context\":\"https:\/\/schema.org\",\"@graph\":[{\"@type\":\"WebPage\",\"@id\":\"https:\/\/hoquei.es\/ca\/producte\/pack-teorico-10-practiques\/\",\"url\":\"https:\/\/hoquei.es\/ca\/producte\/pack-teorico-10-practiques\/\",\"name\":\"Perm\u00eds B: Pack Te\u00f2ric + 10 pr\u00e0ctiques 1 h - Autoescola Hoquei\",\"isPartOf\":{\"@id\":\"https:\/\/hoquei.es\/#website\"},\"primaryImageOfPage\":{\"@id\":\"https:\/\/hoquei.es\/ca\/producte\/pack-teorico-10-practiques\/#primaryimage\"},\"image\":{\"@id\":\"https:\/\/hoquei.es\/ca\/producte\/pack-teorico-10-practiques\/#primaryimage\"},\"thumbnailUrl\":\"https:\/\/hoquei.es\/wp-content\/uploads\/2023\/06\/PermisoB_.jpg\",\"datePublished\":\"2023-06-06T15:43:44+00:00\",\"dateModified\":\"2024-09-18T13:38:55+00:00\",\"breadcrumb\":{\"@id\":\"https:\/\/hoquei.es\/ca\/producte\/pack-teorico-10-practiques\/#breadcrumb\"},\"inLanguage\":\"ca\",\"potentialAction\":[{\"@type\":\"ReadAction\",\"target\":[\"https:\/\/hoquei.es\/ca\/producte\/pack-teorico-10-practiques\/\"]}]},{\"@type\":\"ImageObject\",\"inLanguage\":\"ca\",\"@id\":\"https:\/\/hoquei.es\/ca\/producte\/pack-teorico-10-practiques\/#primaryimage\",\"url\":\"https:\/\/hoquei.es\/wp-content\/uploads\/2023\/06\/PermisoB_.jpg\",\"contentUrl\":\"https:\/\/hoquei.es\/wp-content\/uploads\/2023\/06\/PermisoB_.jpg\",\"width\":1920,\"height\":1289},{\"@type\":\"BreadcrumbList\",\"@id\":\"https:\/\/hoquei.es\/ca\/producte\/pack-teorico-10-practiques\/#breadcrumb\",\"itemListElement\":[{\"@type\":\"ListItem\",\"position\":1,\"name\":\"Portada\",\"item\":\"https:\/\/hoquei.es\/ca\/\"},{\"@type\":\"ListItem\",\"position\":2,\"name\":\"Tienda\",\"item\":\"https:\/\/hoquei.es\/tienda\/\"},{\"@type\":\"ListItem\",\"position\":3,\"name\":\"Perm\u00eds B: Pack Te\u00f2ric + 10 pr\u00e0ctiques 1 h\"}]},{\"@type\":\"WebSite\",\"@id\":\"https:\/\/hoquei.es\/#website\",\"url\":\"https:\/\/hoquei.es\/\",\"name\":\"Autoescola Hoquei\",\"description\":\"Tu viaje empieza aqu\u00ed.\",\"publisher\":{\"@id\":\"https:\/\/hoquei.es\/#organization\"},\"potentialAction\":[{\"@type\":\"SearchAction\",\"target\":{\"@type\":\"EntryPoint\",\"urlTemplate\":\"https:\/\/hoquei.es\/?s={search_term_string}\"},\"query-input\":{\"@type\":\"PropertyValueSpecification\",\"valueRequired\":true,\"valueName\":\"search_term_string\"}}],\"inLanguage\":\"ca\"},{\"@type\":\"Organization\",\"@id\":\"https:\/\/hoquei.es\/#organization\",\"name\":\"Autoescola Hoquei\",\"url\":\"https:\/\/hoquei.es\/\",\"logo\":{\"@type\":\"ImageObject\",\"inLanguage\":\"ca\",\"@id\":\"https:\/\/hoquei.es\/#\/schema\/logo\/image\/\",\"url\":\"https:\/\/hoquei.es\/wp-content\/uploads\/2023\/06\/cropped-logo-hoquei-1.png\",\"contentUrl\":\"https:\/\/hoquei.es\/wp-content\/uploads\/2023\/06\/cropped-logo-hoquei-1.png\",\"width\":500,\"height\":361,\"caption\":\"Autoescola Hoquei\"},\"image\":{\"@id\":\"https:\/\/hoquei.es\/#\/schema\/logo\/image\/\"},\"sameAs\":[\"https:\/\/www.instagram.com\/autoescolahoquei\/?hl=es\"]}]}<\/script>\n<!-- \/ Yoast SEO plugin. -->","yoast_head_json":{"title":"Perm\u00eds B: Pack Te\u00f2ric + 10 pr\u00e0ctiques 1 h - Autoescola Hoquei","robots":{"index":"index","follow":"follow","max-snippet":"max-snippet:-1","max-image-preview":"max-image-preview:large","max-video-preview":"max-video-preview:-1"},"canonical":"https:\/\/hoquei.es\/ca\/producte\/pack-teorico-10-practiques\/","og_locale":"ca_ES","og_type":"article","og_title":"Perm\u00eds B: Pack Te\u00f2ric + 10 pr\u00e0ctiques 1 h - Autoescola Hoquei","og_description":"Pack te\u00f2ric + 10 pr\u00e0ctiques de 1 hora Els preus no inclouen taxes, examen te\u00f2ric ni renovaci\u00f3. Per a m\u00e9s informaci\u00f3 sobre les pr\u00e0ctiques, la renovaci\u00f3 i d&#8217;altres q\u00fcestions, consulteu a l&#8217;autoescola. Vine a veure&#8217;ns! Sempre ens agrada fer un primer contacte amb els&hellip;","og_url":"https:\/\/hoquei.es\/ca\/producte\/pack-teorico-10-practiques\/","og_site_name":"Autoescola Hoquei","article_modified_time":"2024-09-18T13:38:55+00:00","og_image":[{"width":1920,"height":1289,"url":"https:\/\/hoquei.es\/wp-content\/uploads\/2023\/06\/PermisoB_.jpg","type":"image\/jpeg"}],"twitter_card":"summary_large_image","twitter_misc":{"Temps estimat de lectura":"1 minut"},"schema":{"@context":"https:\/\/schema.org","@graph":[{"@type":"WebPage","@id":"https:\/\/hoquei.es\/ca\/producte\/pack-teorico-10-practiques\/","url":"https:\/\/hoquei.es\/ca\/producte\/pack-teorico-10-practiques\/","name":"Perm\u00eds B: Pack Te\u00f2ric + 10 pr\u00e0ctiques 1 h - Autoescola Hoquei","isPartOf":{"@id":"https:\/\/hoquei.es\/#website"},"primaryImageOfPage":{"@id":"https:\/\/hoquei.es\/ca\/producte\/pack-teorico-10-practiques\/#primaryimage"},"image":{"@id":"https:\/\/hoquei.es\/ca\/producte\/pack-teorico-10-practiques\/#primaryimage"},"thumbnailUrl":"https:\/\/hoquei.es\/wp-content\/uploads\/2023\/06\/PermisoB_.jpg","datePublished":"2023-06-06T15:43:44+00:00","dateModified":"2024-09-18T13:38:55+00:00","breadcrumb":{"@id":"https:\/\/hoquei.es\/ca\/producte\/pack-teorico-10-practiques\/#breadcrumb"},"inLanguage":"ca","potentialAction":[{"@type":"ReadAction","target":["https:\/\/hoquei.es\/ca\/producte\/pack-teorico-10-practiques\/"]}]},{"@type":"ImageObject","inLanguage":"ca","@id":"https:\/\/hoquei.es\/ca\/producte\/pack-teorico-10-practiques\/#primaryimage","url":"https:\/\/hoquei.es\/wp-content\/uploads\/2023\/06\/PermisoB_.jpg","contentUrl":"https:\/\/hoquei.es\/wp-content\/uploads\/2023\/06\/PermisoB_.jpg","width":1920,"height":1289},{"@type":"BreadcrumbList","@id":"https:\/\/hoquei.es\/ca\/producte\/pack-teorico-10-practiques\/#breadcrumb","itemListElement":[{"@type":"ListItem","position":1,"name":"Portada","item":"https:\/\/hoquei.es\/ca\/"},{"@type":"ListItem","position":2,"name":"Tienda","item":"https:\/\/hoquei.es\/tienda\/"},{"@type":"ListItem","position":3,"name":"Perm\u00eds B: Pack Te\u00f2ric + 10 pr\u00e0ctiques 1 h"}]},{"@type":"WebSite","@id":"https:\/\/hoquei.es\/#website","url":"https:\/\/hoquei.es\/","name":"Autoescola Hoquei","description":"Tu viaje empieza aqu\u00ed.","publisher":{"@id":"https:\/\/hoquei.es\/#organization"},"potentialAction":[{"@type":"SearchAction","target":{"@type":"EntryPoint","urlTemplate":"https:\/\/hoquei.es\/?s={search_term_string}"},"query-input":{"@type":"PropertyValueSpecification","valueRequired":true,"valueName":"search_term_string"}}],"inLanguage":"ca"},{"@type":"Organization","@id":"https:\/\/hoquei.es\/#organization","name":"Autoescola Hoquei","url":"https:\/\/hoquei.es\/","logo":{"@type":"ImageObject","inLanguage":"ca","@id":"https:\/\/hoquei.es\/#\/schema\/logo\/image\/","url":"https:\/\/hoquei.es\/wp-content\/uploads\/2023\/06\/cropped-logo-hoquei-1.png","contentUrl":"https:\/\/hoquei.es\/wp-content\/uploads\/2023\/06\/cropped-logo-hoquei-1.png","width":500,"height":361,"caption":"Autoescola Hoquei"},"image":{"@id":"https:\/\/hoquei.es\/#\/schema\/logo\/image\/"},"sameAs":["https:\/\/www.instagram.com\/autoescolahoquei\/?hl=es"]}]}},"_links":{"self":[{"href":"https:\/\/hoquei.es\/ca\/wp-json\/wp\/v2\/product\/5341","targetHints":{"allow":["GET"]}}],"collection":[{"href":"https:\/\/hoquei.es\/ca\/wp-json\/wp\/v2\/product"}],"about":[{"href":"https:\/\/hoquei.es\/ca\/wp-json\/wp\/v2\/types\/product"}],"replies":[{"embeddable":true,"href":"https:\/\/hoquei.es\/ca\/wp-json\/wp\/v2\/comments?post=5341"}],"version-history":[{"count":3,"href":"https:\/\/hoquei.es\/ca\/wp-json\/wp\/v2\/product\/5341\/revisions"}],"predecessor-version":[{"id":5878,"href":"https:\/\/hoquei.es\/ca\/wp-json\/wp\/v2\/product\/5341\/revisions\/5878"}],"wp:featuredmedia":[{"embeddable":true,"href":"https:\/\/hoquei.es\/ca\/wp-json\/wp\/v2\/media\/5314"}],"wp:attachment":[{"href":"https:\/\/hoquei.es\/ca\/wp-json\/wp\/v2\/media?parent=5341"}],"wp:term":[{"taxonomy":"product_brand","embeddable":true,"href":"https:\/\/hoquei.es\/ca\/wp-json\/wp\/v2\/product_brand?post=5341"},{"taxonomy":"product_cat","embeddable":true,"href":"https:\/\/hoquei.es\/ca\/wp-json\/wp\/v2\/product_cat?post=5341"},{"taxonomy":"product_tag","embeddable":true,"href":"https:\/\/hoquei.es\/ca\/wp-json\/wp\/v2\/product_tag?post=5341"}],"curies":[{"name":"wp","href":"https:\/\/api.w.org\/{rel}","templated":true}]}}