{"id":5345,"date":"2024-09-03T10:05:32","date_gmt":"2024-09-03T10:05:32","guid":{"rendered":"https:\/\/hoquei.es\/product\/a1-a2-examen-practic\/"},"modified":"2024-09-18T13:37:08","modified_gmt":"2024-09-18T13:37:08","slug":"a1-a2-examen-practic","status":"publish","type":"product","link":"https:\/\/hoquei.es\/ca\/producte\/a1-a2-examen-practic\/","title":{"rendered":"A1\/A2: Examen Pr\u00e0ctic"},"content":{"rendered":"<h4><strong>Examen pr\u00e0ctic A1\/A2<\/strong><\/h4>\n<p>Per a m\u00e9s informaci\u00f3 sobre les pr\u00e0ctiques, la renovaci\u00f3 i d&#8217;altres q\u00fcestions, consulteu a l&#8217;autoescola.<\/p>\n<h4><strong>Vine a veure&#8217;ns!<\/strong><\/h4>\n<p>Sempre ens agrada fer un primer contacte amb els nostres alumnes per coneixe&#8217;ns millor i saber les vostres inquietuds i necessitats. T&#8217;aconsellem venir a l&#8217;autoescola i aix\u00ed podem explicar-te tot fil per randa ;). All\u00e0 podr\u00e0s fer el pagament c\u00f2modament.<\/p>\n<p>&nbsp;<\/p>\n","protected":false},"excerpt":{"rendered":"<p>Examen pr\u00e0ctic A1\/A2 Per a m\u00e9s informaci\u00f3 sobre les pr\u00e0ctiques, la renovaci\u00f3 i d&#8217;altres q\u00fcestions, consulteu a l&#8217;autoescola. Vine a veure&#8217;ns! Sempre ens agrada fer un primer contacte amb els nostres alumnes per coneixe&#8217;ns millor i saber les vostres inquietuds i necessitats. T&#8217;aconsellem venir&hellip;<\/p>\n","protected":false},"featured_media":5316,"comment_status":"closed","ping_status":"closed","template":"","meta":[],"product_brand":[],"product_cat":[227],"product_tag":[153],"class_list":{"0":"post-5345","1":"product","2":"type-product","3":"status-publish","4":"has-post-thumbnail","6":"product_cat-a1-a2-2","7":"product_tag-practiques","9":"first","10":"instock","11":"featured","12":"taxable","13":"shipping-taxable","14":"product-type-simple"},"yoast_head":"<!-- This site is optimized with the Yoast SEO plugin v26.8 - https:\/\/yoast.com\/product\/yoast-seo-wordpress\/ -->\n<title>A1\/A2: Examen Pr\u00e0ctic - Autoescola Hoquei<\/title>\n<meta name=\"robots\" content=\"index, follow, max-snippet:-1, max-image-preview:large, max-video-preview:-1\" \/>\n<link rel=\"canonical\" href=\"https:\/\/hoquei.es\/ca\/producte\/a1-a2-examen-practic\/\" \/>\n<meta property=\"og:locale\" content=\"ca_ES\" \/>\n<meta property=\"og:type\" content=\"article\" \/>\n<meta property=\"og:title\" content=\"A1\/A2: Examen Pr\u00e0ctic - Autoescola Hoquei\" \/>\n<meta property=\"og:description\" content=\"Examen pr\u00e0ctic A1\/A2 Per a m\u00e9s informaci\u00f3 sobre les pr\u00e0ctiques, la renovaci\u00f3 i d&#8217;altres q\u00fcestions, consulteu a l&#8217;autoescola. Vine a veure&#8217;ns! Sempre ens agrada fer un primer contacte amb els nostres alumnes per coneixe&#8217;ns millor i saber les vostres inquietuds i necessitats. T&#8217;aconsellem venir&hellip;\" \/>\n<meta property=\"og:url\" content=\"https:\/\/hoquei.es\/ca\/producte\/a1-a2-examen-practic\/\" \/>\n<meta property=\"og:site_name\" content=\"Autoescola Hoquei\" \/>\n<meta property=\"article:modified_time\" content=\"2024-09-18T13:37:08+00:00\" \/>\n<meta property=\"og:image\" content=\"https:\/\/hoquei.es\/wp-content\/uploads\/2023\/06\/Permiso_A1_A2.jpg\" \/>\n\t<meta property=\"og:image:width\" content=\"1920\" \/>\n\t<meta property=\"og:image:height\" content=\"1289\" \/>\n\t<meta property=\"og:image:type\" content=\"image\/jpeg\" \/>\n<meta name=\"twitter:card\" content=\"summary_large_image\" \/>\n<meta name=\"twitter:label1\" content=\"Temps estimat de lectura\" \/>\n\t<meta name=\"twitter:data1\" content=\"1 minut\" \/>\n<script type=\"application\/ld+json\" class=\"yoast-schema-graph\">{\"@context\":\"https:\/\/schema.org\",\"@graph\":[{\"@type\":\"WebPage\",\"@id\":\"https:\/\/hoquei.es\/ca\/producte\/a1-a2-examen-practic\/\",\"url\":\"https:\/\/hoquei.es\/ca\/producte\/a1-a2-examen-practic\/\",\"name\":\"A1\/A2: Examen Pr\u00e0ctic - Autoescola Hoquei\",\"isPartOf\":{\"@id\":\"https:\/\/hoquei.es\/#website\"},\"primaryImageOfPage\":{\"@id\":\"https:\/\/hoquei.es\/ca\/producte\/a1-a2-examen-practic\/#primaryimage\"},\"image\":{\"@id\":\"https:\/\/hoquei.es\/ca\/producte\/a1-a2-examen-practic\/#primaryimage\"},\"thumbnailUrl\":\"https:\/\/hoquei.es\/wp-content\/uploads\/2023\/06\/Permiso_A1_A2.jpg\",\"datePublished\":\"2024-09-03T10:05:32+00:00\",\"dateModified\":\"2024-09-18T13:37:08+00:00\",\"breadcrumb\":{\"@id\":\"https:\/\/hoquei.es\/ca\/producte\/a1-a2-examen-practic\/#breadcrumb\"},\"inLanguage\":\"ca\",\"potentialAction\":[{\"@type\":\"ReadAction\",\"target\":[\"https:\/\/hoquei.es\/ca\/producte\/a1-a2-examen-practic\/\"]}]},{\"@type\":\"ImageObject\",\"inLanguage\":\"ca\",\"@id\":\"https:\/\/hoquei.es\/ca\/producte\/a1-a2-examen-practic\/#primaryimage\",\"url\":\"https:\/\/hoquei.es\/wp-content\/uploads\/2023\/06\/Permiso_A1_A2.jpg\",\"contentUrl\":\"https:\/\/hoquei.es\/wp-content\/uploads\/2023\/06\/Permiso_A1_A2.jpg\",\"width\":1920,\"height\":1289},{\"@type\":\"BreadcrumbList\",\"@id\":\"https:\/\/hoquei.es\/ca\/producte\/a1-a2-examen-practic\/#breadcrumb\",\"itemListElement\":[{\"@type\":\"ListItem\",\"position\":1,\"name\":\"Portada\",\"item\":\"https:\/\/hoquei.es\/ca\/\"},{\"@type\":\"ListItem\",\"position\":2,\"name\":\"Tienda\",\"item\":\"https:\/\/hoquei.es\/tienda\/\"},{\"@type\":\"ListItem\",\"position\":3,\"name\":\"A1\/A2: Examen Pr\u00e0ctic\"}]},{\"@type\":\"WebSite\",\"@id\":\"https:\/\/hoquei.es\/#website\",\"url\":\"https:\/\/hoquei.es\/\",\"name\":\"Autoescola Hoquei\",\"description\":\"Tu viaje empieza aqu\u00ed.\",\"publisher\":{\"@id\":\"https:\/\/hoquei.es\/#organization\"},\"potentialAction\":[{\"@type\":\"SearchAction\",\"target\":{\"@type\":\"EntryPoint\",\"urlTemplate\":\"https:\/\/hoquei.es\/?s={search_term_string}\"},\"query-input\":{\"@type\":\"PropertyValueSpecification\",\"valueRequired\":true,\"valueName\":\"search_term_string\"}}],\"inLanguage\":\"ca\"},{\"@type\":\"Organization\",\"@id\":\"https:\/\/hoquei.es\/#organization\",\"name\":\"Autoescola Hoquei\",\"url\":\"https:\/\/hoquei.es\/\",\"logo\":{\"@type\":\"ImageObject\",\"inLanguage\":\"ca\",\"@id\":\"https:\/\/hoquei.es\/#\/schema\/logo\/image\/\",\"url\":\"https:\/\/hoquei.es\/wp-content\/uploads\/2023\/06\/cropped-logo-hoquei-1.png\",\"contentUrl\":\"https:\/\/hoquei.es\/wp-content\/uploads\/2023\/06\/cropped-logo-hoquei-1.png\",\"width\":500,\"height\":361,\"caption\":\"Autoescola Hoquei\"},\"image\":{\"@id\":\"https:\/\/hoquei.es\/#\/schema\/logo\/image\/\"},\"sameAs\":[\"https:\/\/www.instagram.com\/autoescolahoquei\/?hl=es\"]}]}<\/script>\n<!-- \/ Yoast SEO plugin. -->","yoast_head_json":{"title":"A1\/A2: Examen Pr\u00e0ctic - Autoescola Hoquei","robots":{"index":"index","follow":"follow","max-snippet":"max-snippet:-1","max-image-preview":"max-image-preview:large","max-video-preview":"max-video-preview:-1"},"canonical":"https:\/\/hoquei.es\/ca\/producte\/a1-a2-examen-practic\/","og_locale":"ca_ES","og_type":"article","og_title":"A1\/A2: Examen Pr\u00e0ctic - Autoescola Hoquei","og_description":"Examen pr\u00e0ctic A1\/A2 Per a m\u00e9s informaci\u00f3 sobre les pr\u00e0ctiques, la renovaci\u00f3 i d&#8217;altres q\u00fcestions, consulteu a l&#8217;autoescola. Vine a veure&#8217;ns! Sempre ens agrada fer un primer contacte amb els nostres alumnes per coneixe&#8217;ns millor i saber les vostres inquietuds i necessitats. T&#8217;aconsellem venir&hellip;","og_url":"https:\/\/hoquei.es\/ca\/producte\/a1-a2-examen-practic\/","og_site_name":"Autoescola Hoquei","article_modified_time":"2024-09-18T13:37:08+00:00","og_image":[{"width":1920,"height":1289,"url":"https:\/\/hoquei.es\/wp-content\/uploads\/2023\/06\/Permiso_A1_A2.jpg","type":"image\/jpeg"}],"twitter_card":"summary_large_image","twitter_misc":{"Temps estimat de lectura":"1 minut"},"schema":{"@context":"https:\/\/schema.org","@graph":[{"@type":"WebPage","@id":"https:\/\/hoquei.es\/ca\/producte\/a1-a2-examen-practic\/","url":"https:\/\/hoquei.es\/ca\/producte\/a1-a2-examen-practic\/","name":"A1\/A2: Examen Pr\u00e0ctic - Autoescola Hoquei","isPartOf":{"@id":"https:\/\/hoquei.es\/#website"},"primaryImageOfPage":{"@id":"https:\/\/hoquei.es\/ca\/producte\/a1-a2-examen-practic\/#primaryimage"},"image":{"@id":"https:\/\/hoquei.es\/ca\/producte\/a1-a2-examen-practic\/#primaryimage"},"thumbnailUrl":"https:\/\/hoquei.es\/wp-content\/uploads\/2023\/06\/Permiso_A1_A2.jpg","datePublished":"2024-09-03T10:05:32+00:00","dateModified":"2024-09-18T13:37:08+00:00","breadcrumb":{"@id":"https:\/\/hoquei.es\/ca\/producte\/a1-a2-examen-practic\/#breadcrumb"},"inLanguage":"ca","potentialAction":[{"@type":"ReadAction","target":["https:\/\/hoquei.es\/ca\/producte\/a1-a2-examen-practic\/"]}]},{"@type":"ImageObject","inLanguage":"ca","@id":"https:\/\/hoquei.es\/ca\/producte\/a1-a2-examen-practic\/#primaryimage","url":"https:\/\/hoquei.es\/wp-content\/uploads\/2023\/06\/Permiso_A1_A2.jpg","contentUrl":"https:\/\/hoquei.es\/wp-content\/uploads\/2023\/06\/Permiso_A1_A2.jpg","width":1920,"height":1289},{"@type":"BreadcrumbList","@id":"https:\/\/hoquei.es\/ca\/producte\/a1-a2-examen-practic\/#breadcrumb","itemListElement":[{"@type":"ListItem","position":1,"name":"Portada","item":"https:\/\/hoquei.es\/ca\/"},{"@type":"ListItem","position":2,"name":"Tienda","item":"https:\/\/hoquei.es\/tienda\/"},{"@type":"ListItem","position":3,"name":"A1\/A2: Examen Pr\u00e0ctic"}]},{"@type":"WebSite","@id":"https:\/\/hoquei.es\/#website","url":"https:\/\/hoquei.es\/","name":"Autoescola Hoquei","description":"Tu viaje empieza aqu\u00ed.","publisher":{"@id":"https:\/\/hoquei.es\/#organization"},"potentialAction":[{"@type":"SearchAction","target":{"@type":"EntryPoint","urlTemplate":"https:\/\/hoquei.es\/?s={search_term_string}"},"query-input":{"@type":"PropertyValueSpecification","valueRequired":true,"valueName":"search_term_string"}}],"inLanguage":"ca"},{"@type":"Organization","@id":"https:\/\/hoquei.es\/#organization","name":"Autoescola Hoquei","url":"https:\/\/hoquei.es\/","logo":{"@type":"ImageObject","inLanguage":"ca","@id":"https:\/\/hoquei.es\/#\/schema\/logo\/image\/","url":"https:\/\/hoquei.es\/wp-content\/uploads\/2023\/06\/cropped-logo-hoquei-1.png","contentUrl":"https:\/\/hoquei.es\/wp-content\/uploads\/2023\/06\/cropped-logo-hoquei-1.png","width":500,"height":361,"caption":"Autoescola Hoquei"},"image":{"@id":"https:\/\/hoquei.es\/#\/schema\/logo\/image\/"},"sameAs":["https:\/\/www.instagram.com\/autoescolahoquei\/?hl=es"]}]}},"_links":{"self":[{"href":"https:\/\/hoquei.es\/ca\/wp-json\/wp\/v2\/product\/5345","targetHints":{"allow":["GET"]}}],"collection":[{"href":"https:\/\/hoquei.es\/ca\/wp-json\/wp\/v2\/product"}],"about":[{"href":"https:\/\/hoquei.es\/ca\/wp-json\/wp\/v2\/types\/product"}],"replies":[{"embeddable":true,"href":"https:\/\/hoquei.es\/ca\/wp-json\/wp\/v2\/comments?post=5345"}],"version-history":[{"count":2,"href":"https:\/\/hoquei.es\/ca\/wp-json\/wp\/v2\/product\/5345\/revisions"}],"predecessor-version":[{"id":5816,"href":"https:\/\/hoquei.es\/ca\/wp-json\/wp\/v2\/product\/5345\/revisions\/5816"}],"wp:featuredmedia":[{"embeddable":true,"href":"https:\/\/hoquei.es\/ca\/wp-json\/wp\/v2\/media\/5316"}],"wp:attachment":[{"href":"https:\/\/hoquei.es\/ca\/wp-json\/wp\/v2\/media?parent=5345"}],"wp:term":[{"taxonomy":"product_brand","embeddable":true,"href":"https:\/\/hoquei.es\/ca\/wp-json\/wp\/v2\/product_brand?post=5345"},{"taxonomy":"product_cat","embeddable":true,"href":"https:\/\/hoquei.es\/ca\/wp-json\/wp\/v2\/product_cat?post=5345"},{"taxonomy":"product_tag","embeddable":true,"href":"https:\/\/hoquei.es\/ca\/wp-json\/wp\/v2\/product_tag?post=5345"}],"curies":[{"name":"wp","href":"https:\/\/api.w.org\/{rel}","templated":true}]}}